{"id":36444,"date":"2019-05-21T09:14:34","date_gmt":"2019-05-21T06:14:34","guid":{"rendered":"https:\/\/2019.laulupidu.ee\/?page_id=36444"},"modified":"2019-05-21T09:14:34","modified_gmt":"2019-05-21T06:14:34","slug":"the-kannels-night","status":"publish","type":"page","link":"https:\/\/2019.laulupidu.ee\/en\/folk-music\/the-kannels-night\/","title":{"rendered":"The Kannels Night"},"content":{"rendered":"<p>&#8220;The Kannels Night&#8221; concert takes place on Thursday, 4 July, at 21.00, at Estonian Methodist church (51 Narva road)<\/p>\n<p>Unified Kannels\u2019 choir<\/p>\n<p><strong>Feet<br \/>\n<\/strong>Assemblage: <span class='tooltipsall tooltipsincontent classtoolTips48'>Pille Karras<\/span><br \/>\ndir. <span class='tooltipsall tooltipsincontent classtoolTips48'>Pille Karras<\/span><\/p>\n<p>SMALL KANNEL<br \/>\nType director <span class='tooltipsall tooltipsincontent classtoolTips48'>Pille Karras<\/span><\/p>\n<p><strong>Billigoat horn\u2019s flat footed waltz<br \/>\n<\/strong>Sung by Liisa K\u00fcmmel in 1960 in Tori<br \/>\nAssemblage: Kadri Lepasson (1982)<\/p>\n<p><strong>Cossacks<br \/>\n<\/strong>Assemblage: <span class='tooltipsall tooltipsincontent classtoolTips48'>Pille Karras<\/span><\/p>\n<p><strong>The horn story<br \/>\n<\/strong>On Suure-Jaani billigoat\u2019s horn (1907)<br \/>\nAssemblage: <span class='tooltipsall tooltipsincontent classtoolTips48'>Pille Karras<\/span><\/p>\n<p>The three-star story<br \/>\nMusic: Kadri Lepasson<br \/>\nAssemblage: Kadri Leppason and Katrin Soon (1981)<\/p>\n<p>CHROMATIC KANNEL<br \/>\nType director Ella Maidre<\/p>\n<p><strong>Blessed is the man<br \/>\n<\/strong>Cyrillius Kreek (1889-1962)<br \/>\nSoloist Kristi M\u00fchling<\/p>\n<p><strong>Setu\u2019s folk instrumental orchestra suite<\/strong><\/p>\n<ol>\n<li><strong>Setu cossack<\/strong><\/li>\n<li><strong>Kamarinskaya<\/strong><\/li>\n<\/ol>\n<p>Cyrillius Kreek<br \/>\nAssemblage: <span class='tooltipsall tooltipsincontent classtoolTips48'>Pille Karras<\/span><br \/>\ndir. Ella Maidre<\/p>\n<p><strong>I cannot remain silent<br \/>\n<\/strong>Folk tune<br \/>\nProcessed by Miina H\u00e4rma<br \/>\nAssemblage: Ruth Kuhi<br \/>\ndir. Ruth Kuhi<\/p>\n<p><strong>Villakombalii (?)<br \/>\n<\/strong>Sangaste<br \/>\nAssemblage: Tarmo Kivisilla<br \/>\nSoloists: VHK Children choir, Juhan Uppin, Jaak Soo\u00e4\u00e4r (electric guitar), Tauno \u00d5un (bass)<br \/>\ndir. Maarja Soone<\/p>\n<p><strong>Let us jubilate<br \/>\n<\/strong>Tuule Kann (1964)<br \/>\nForeplayers (?): Tuule Kann and Jaak Soo\u00e4\u00e4r<\/p>\n<p>FOLK KANNEL<br \/>\nType director: <span class='tooltipsall tooltipsincontent classtoolTips48'>Pille Karras<\/span><\/p>\n<p><strong>Waltz after T\u00e4hnas<br \/>\n<\/strong>Played by Aksel T\u00e4hnas (1911-1997) in 1971 in P\u00f5lva<br \/>\nSheet music by <span class='tooltipsall tooltipsincontent classtoolTips48'>Pille Karras<\/span><\/p>\n<p><strong>Looga and Aarna reinlender<br \/>\n<\/strong>Played by Aksel T\u00e4hnas on 7 April 1995 in Ahunapalu<br \/>\nSheet music by <span class='tooltipsall tooltipsincontent classtoolTips48'>Pille Karras<\/span><br \/>\nForeplayer Heino S\u00f5na<\/p>\n<p><strong>Koidula waltz<br \/>\n<\/strong>Karksi-Nuia<br \/>\nPlayed by Heino S\u00f5na<br \/>\nSheet music by <span class='tooltipsall tooltipsincontent classtoolTips48'>Pille Karras<\/span><br \/>\nForeplayer Heino S\u00f5na<\/p>\n<p>UNIFIED KANNELS\u2019 CHOIR<\/p>\n<p><strong>Es\u00e4 taivan<br \/>\n<\/strong>Music: Mari Amor<br \/>\nLyrics: Artur Adson<br \/>\nAssemblage: Andres Lemba<br \/>\nSoloists: VHK children choir, Jaak Soo\u00e4\u00e4r, Tauno \u00d5un<br \/>\ndir. Maarja Soone<\/p>\n<p><strong>Tarantella<br \/>\n<\/strong>Music: Santiago de Murcia (1673-1739)<br \/>\nAssemblage: Anna-Liisa Eller, Tuule Kann and Ella Maidre<br \/>\nSoloists: Jaak Soo\u00e4\u00e4r and Prita Purre &#8211; tambourine<br \/>\ndir. Ella Maidre<\/p>\n<p><strong>Pastime<br \/>\n<\/strong>Henry VIII<br \/>\nAssemblage: Andre Lemba<br \/>\nSoloists: VHK children choir, Prita Purre, Katrin Tanvel &#8211; shaman drum<br \/>\ndir. Maarja Soone<\/p>\n<p><strong>Polkas from great masters<br \/>\n<\/strong>Arno Soo\u00e4\u00e4r (1934), Igor T\u00f5nurist (1947), Toivo Luhats (1938)<br \/>\nSoloists: Tuule Kann and Jaak Soo\u00e4\u00e4r<br \/>\ndir. <span class='tooltipsall tooltipsincontent classtoolTips48'>Pille Karras<\/span><\/p>\n<p><strong>Waltz from the film \u201cKevade\u201d<br \/>\n<\/strong>Melody found in the museum by Veljo Tormis (1930-2017)<\/p>\n<script type=\"text\/javascript\"> toolTips('.classtoolTips48','<figure id=\"attachment_34467\" aria-describedby=\"caption-attachment-34467\" style=\"width: 200px\" class=\"wp-caption alignleft\"><img class=\"wp-image-34467\" src=\"https:\/\/2019.laulupidu.ee\/wp-content\/uploads\/2019-peo-galeriid\/Portreepildid\/Riina-Varol\/Pildid\/Pille_Karras_web_35A1276-EditX-390x585.jpg\" alt=\"\" width=\"200\" height=\"300\" \/><figcaption id=\"caption-attachment-34467\" class=\"wp-caption-text\"><span class='tooltipsall tooltipsincontent classtoolTips48'>Pille Karras<\/span> \u2013 v\u00e4ikekannelde ja rahvakannelde liigijuht<\/figcaption><\/figure>'); <\/script>","protected":false},"excerpt":{"rendered":"<p>&#8220;The Kannels Night&#8221; concert takes place on Thursday, 4 July, at 21.00, at Estonian Methodist church (51 Narva road) Unified&#8230;<\/p>\n","protected":false},"author":6,"featured_media":0,"parent":28963,"menu_order":60,"comment_status":"closed","ping_status":"closed","template":"","meta":{"footnotes":"","_links_to":"","_links_to_target":""},"class_list":["post-36444","page","type-page","status-publish","hentry"],"yoast_head":"<!-- This site is optimized with the Yoast SEO plugin v25.9 - https:\/\/yoast.com\/wordpress\/plugins\/seo\/ -->\n<title>The Kannels Night - Laulupidu 2019<\/title>\n<meta name=\"robots\" content=\"index, follow, max-snippet:-1, max-image-preview:large, max-video-preview:-1\" \/>\n<link rel=\"canonical\" href=\"https:\/\/2019.laulupidu.ee\/en\/folk-music\/the-kannels-night\/\" \/>\n<meta property=\"og:locale\" content=\"en_US\" \/>\n<meta property=\"og:type\" content=\"article\" \/>\n<meta property=\"og:title\" content=\"The Kannels Night - Laulupidu 2019\" \/>\n<meta property=\"og:description\" content=\"&#8220;The Kannels Night&#8221; concert takes place on Thursday, 4 July, at 21.00, at Estonian Methodist church (51 Narva road) Unified...\" \/>\n<meta property=\"og:url\" content=\"https:\/\/2019.laulupidu.ee\/en\/folk-music\/the-kannels-night\/\" \/>\n<meta property=\"og:site_name\" content=\"Laulupidu 2019\" \/>\n<meta name=\"twitter:card\" content=\"summary_large_image\" \/>\n<meta name=\"twitter:label1\" content=\"Est. reading time\" \/>\n\t<meta name=\"twitter:data1\" content=\"2 minutes\" \/>\n<script type=\"application\/ld+json\" class=\"yoast-schema-graph\">{\"@context\":\"https:\/\/schema.org\",\"@graph\":[{\"@type\":\"WebPage\",\"@id\":\"https:\/\/2019.laulupidu.ee\/en\/folk-music\/the-kannels-night\/\",\"url\":\"https:\/\/2019.laulupidu.ee\/en\/folk-music\/the-kannels-night\/\",\"name\":\"The Kannels Night - Laulupidu 2019\",\"isPartOf\":{\"@id\":\"https:\/\/2019.laulupidu.ee\/en\/#website\"},\"datePublished\":\"2019-05-21T06:14:34+00:00\",\"breadcrumb\":{\"@id\":\"https:\/\/2019.laulupidu.ee\/en\/folk-music\/the-kannels-night\/#breadcrumb\"},\"inLanguage\":\"en-US\",\"potentialAction\":[{\"@type\":\"ReadAction\",\"target\":[\"https:\/\/2019.laulupidu.ee\/en\/folk-music\/the-kannels-night\/\"]}]},{\"@type\":\"BreadcrumbList\",\"@id\":\"https:\/\/2019.laulupidu.ee\/en\/folk-music\/the-kannels-night\/#breadcrumb\",\"itemListElement\":[{\"@type\":\"ListItem\",\"position\":1,\"name\":\"Home\",\"item\":\"https:\/\/2019.laulupidu.ee\/en\/\"},{\"@type\":\"ListItem\",\"position\":2,\"name\":\"Folk Music\",\"item\":\"https:\/\/2019.laulupidu.ee\/en\/folk-music\/\"},{\"@type\":\"ListItem\",\"position\":3,\"name\":\"The Kannels Night\"}]},{\"@type\":\"WebSite\",\"@id\":\"https:\/\/2019.laulupidu.ee\/en\/#website\",\"url\":\"https:\/\/2019.laulupidu.ee\/en\/\",\"name\":\"Laulupidu 2019\",\"description\":\"My Fatherland is My Love\",\"potentialAction\":[{\"@type\":\"SearchAction\",\"target\":{\"@type\":\"EntryPoint\",\"urlTemplate\":\"https:\/\/2019.laulupidu.ee\/en\/?s={search_term_string}\"},\"query-input\":{\"@type\":\"PropertyValueSpecification\",\"valueRequired\":true,\"valueName\":\"search_term_string\"}}],\"inLanguage\":\"en-US\"}]}<\/script>\n<!-- \/ Yoast SEO plugin. -->","yoast_head_json":{"title":"The Kannels Night - Laulupidu 2019","robots":{"index":"index","follow":"follow","max-snippet":"max-snippet:-1","max-image-preview":"max-image-preview:large","max-video-preview":"max-video-preview:-1"},"canonical":"https:\/\/2019.laulupidu.ee\/en\/folk-music\/the-kannels-night\/","og_locale":"en_US","og_type":"article","og_title":"The Kannels Night - Laulupidu 2019","og_description":"&#8220;The Kannels Night&#8221; concert takes place on Thursday, 4 July, at 21.00, at Estonian Methodist church (51 Narva road) Unified...","og_url":"https:\/\/2019.laulupidu.ee\/en\/folk-music\/the-kannels-night\/","og_site_name":"Laulupidu 2019","twitter_card":"summary_large_image","twitter_misc":{"Est. reading time":"2 minutes"},"schema":{"@context":"https:\/\/schema.org","@graph":[{"@type":"WebPage","@id":"https:\/\/2019.laulupidu.ee\/en\/folk-music\/the-kannels-night\/","url":"https:\/\/2019.laulupidu.ee\/en\/folk-music\/the-kannels-night\/","name":"The Kannels Night - Laulupidu 2019","isPartOf":{"@id":"https:\/\/2019.laulupidu.ee\/en\/#website"},"datePublished":"2019-05-21T06:14:34+00:00","breadcrumb":{"@id":"https:\/\/2019.laulupidu.ee\/en\/folk-music\/the-kannels-night\/#breadcrumb"},"inLanguage":"en-US","potentialAction":[{"@type":"ReadAction","target":["https:\/\/2019.laulupidu.ee\/en\/folk-music\/the-kannels-night\/"]}]},{"@type":"BreadcrumbList","@id":"https:\/\/2019.laulupidu.ee\/en\/folk-music\/the-kannels-night\/#breadcrumb","itemListElement":[{"@type":"ListItem","position":1,"name":"Home","item":"https:\/\/2019.laulupidu.ee\/en\/"},{"@type":"ListItem","position":2,"name":"Folk Music","item":"https:\/\/2019.laulupidu.ee\/en\/folk-music\/"},{"@type":"ListItem","position":3,"name":"The Kannels Night"}]},{"@type":"WebSite","@id":"https:\/\/2019.laulupidu.ee\/en\/#website","url":"https:\/\/2019.laulupidu.ee\/en\/","name":"Laulupidu 2019","description":"My Fatherland is My Love","potentialAction":[{"@type":"SearchAction","target":{"@type":"EntryPoint","urlTemplate":"https:\/\/2019.laulupidu.ee\/en\/?s={search_term_string}"},"query-input":{"@type":"PropertyValueSpecification","valueRequired":true,"valueName":"search_term_string"}}],"inLanguage":"en-US"}]}},"_links":{"self":[{"href":"https:\/\/2019.laulupidu.ee\/en\/wp-json\/wp\/v2\/pages\/36444","targetHints":{"allow":["GET"]}}],"collection":[{"href":"https:\/\/2019.laulupidu.ee\/en\/wp-json\/wp\/v2\/pages"}],"about":[{"href":"https:\/\/2019.laulupidu.ee\/en\/wp-json\/wp\/v2\/types\/page"}],"author":[{"embeddable":true,"href":"https:\/\/2019.laulupidu.ee\/en\/wp-json\/wp\/v2\/users\/6"}],"replies":[{"embeddable":true,"href":"https:\/\/2019.laulupidu.ee\/en\/wp-json\/wp\/v2\/comments?post=36444"}],"version-history":[{"count":1,"href":"https:\/\/2019.laulupidu.ee\/en\/wp-json\/wp\/v2\/pages\/36444\/revisions"}],"predecessor-version":[{"id":36445,"href":"https:\/\/2019.laulupidu.ee\/en\/wp-json\/wp\/v2\/pages\/36444\/revisions\/36445"}],"up":[{"embeddable":true,"href":"https:\/\/2019.laulupidu.ee\/en\/wp-json\/wp\/v2\/pages\/28963"}],"wp:attachment":[{"href":"https:\/\/2019.laulupidu.ee\/en\/wp-json\/wp\/v2\/media?parent=36444"}],"curies":[{"name":"wp","href":"https:\/\/api.w.org\/{rel}","templated":true}]}}