{"id":36446,"date":"2019-05-21T09:18:26","date_gmt":"2019-05-21T06:18:26","guid":{"rendered":"https:\/\/2019.laulupidu.ee\/?page_id=36446"},"modified":"2019-07-03T14:37:05","modified_gmt":"2019-07-03T11:37:05","slug":"main-concert-programme","status":"publish","type":"page","link":"https:\/\/2019.laulupidu.ee\/en\/folk-music\/main-concert-programme\/","title":{"rendered":"Main concert programme"},"content":{"rendered":"<h2 class=\"Body\">FOLK MUSIC CELEBRATION<\/h2>\n<p class=\"Body\">Folk Music Celebration concert takes place on Fridat, 5 July, at 14.00, in Freedom Square<\/p>\n<h3 class=\"Body\">MAIN CONCERT PROGRAMME<\/h3>\n<p class=\"Body\"><b>FIDDLE<br \/>\n<\/b>Type director Kristi Alas<\/p>\n<p class=\"Body\"><b>Harju waltz<br \/>\n<\/b>Vigala Parish<br \/>\nSet up by Kristi Alas (1974)<\/p>\n<p class=\"Body\"><b>Polka from P\u00e4rnumaa<br \/>\n<\/b>Tori Parish<br \/>\nPlayed by Mihkel Toom (1873-1958) and Mart Jantson (1872-1948)<br \/>\nSet up by Kristi Alas<\/p>\n<p class=\"Body\"><b>The bagpipe story<br \/>\n<\/b>L\u00e4\u00e4ne-Nigula Parish<br \/>\nPlayed by Villem Ilum\u00e4e (1870-1950)<br \/>\nSet up by Kristi Alas<\/p>\n<p class=\"Body\"><b>Ringroller (?)<br \/>\n<\/b>Paistu Parish<br \/>\nPlayed by Karl Leesment (1857-?)<br \/>\nSet up by Kristi Alas and ensemble Tuuleviiul<\/p>\n<p class=\"Body\"><b>The Midnight Polka<br \/>\n<\/b>Eeva Talsi (1988)<br \/>\nSet up by Kristi Alas<\/p>\n<p class=\"Body\"><b>MELODEON (CONCERTINA)<br \/>\n<\/b>Type director Juhan Uppin<\/p>\n<p class=\"Body\"><b>Loosu village and Young age Polka<br \/>\n<\/b>Played by August Teppo (1875-1959)<\/p>\n<p class=\"Body\"><b>V\u00f5ru waltz<br \/>\n<\/b>Played by Heino Teppo (1930-1977)<\/p>\n<p class=\"Body\"><b>Carter\u2019s carriage and Kilumari\u2019s Reinlender<br \/>\n<\/b>Played by Elmar Ruusam\u00e4e (1934-2014)<\/p>\n<p class=\"Body\"><b>Polka Aivar after Teppo<br \/>\n<\/b>Played by Aivar Teppo (1958-2017)<\/p>\n<p class=\"Body\"><b>Jealousy<br \/>\n<\/b>Played by Karl Kikas (1914-1992)<\/p>\n<p class=\"Body\"><b>KANNEL<br \/>\n<\/b>Type director <span class='tooltipsall tooltipsincontent classtoolTips48'>Pille Karras<\/span> and Ella Maidre<\/p>\n<p class=\"Body\"><b>Feet<br \/>\n<\/b>Set up by <span class='tooltipsall tooltipsincontent classtoolTips48'>Pille Karras<\/span><\/p>\n<p class=\"Body\"><b>Polkas from great masters<br \/>\n<\/b>Arno Soo\u00e4\u00e4r (1934), Igor T\u00f5nurist (1947), Toivo Luhats (1938)<br \/>\nSoloists: Tuule Kann and Jaak Soo\u00e4\u00e4r<\/p>\n<p class=\"Body\"><b>Waltz from the film \u201cKevade\u201d<br \/>\n<\/b>Melody found in the museum by Veljo Tormis (1930-2017)<br \/>\nLyrics by Paul-Eerik Rummo (1942)<\/p>\n<p class=\"Body\"><b>BAGPIPE<br \/>\n<\/b>Type director Katariin Raska<\/p>\n<p class=\"Body\"><b>Karksi<br \/>\n<\/b>Ants Taul (1950)<br \/>\nSet up by Katariin Raska<br \/>\nSoloist Ants Taul<\/p>\n<p class=\"Body\"><b>The Story of vacancy<br \/>\n<\/b>Emmaste Parish<br \/>\nPlayed by Juhan Maaker aka the Bagpipe Juss (1845-1930)<br \/>\nSet up by C\u00e4tlin M\u00e4gi (1979)<\/p>\n<p class=\"Body\"><b>Veltsand polka<br \/>\n<\/b>Mustjala Parish<br \/>\nPlayed by Jaan Piht (1875-1950)<br \/>\nSet up by Katariin Raska<\/p>\n<p class=\"Body\"><b>Kilstr\u00f6m\u2019s feet<br \/>\n<\/b>Kuusalu Parish<br \/>\nPlayed by Jakob Kilstr\u00f6m (1864-1945)<br \/>\nSet up by Merike Paberits (1988)<\/p>\n<p class=\"Body\"><b>The bagpipe march<br \/>\n<\/b>Katariin Raska (1986)<\/p>\n<p class=\"Body\"><b>ACCORDIONS<br \/>\n<\/b>Type director <span class='tooltipsall tooltipsincontent classtoolTips45'>Kristel Laas<\/span><\/p>\n<p class=\"Body\"><b>Uhti, uhti, uhkesti (greatly)<br \/>\n<\/b>Folk tune<br \/>\nSet up by Tiit Kalluste (1962)<\/p>\n<p class=\"Body\"><b>Homecoming<br \/>\n<\/b>Tuulikki Bartosik (1976)<br \/>\nSoloist Tuulikki Bartosik<\/p>\n<p class=\"Body\"><b>The Moon is playing with beads<br \/>\n<\/b>Kulno Malva (1979)<br \/>\nLyrics from J\u00f5hvi Parish<br \/>\nSoloists Liisi Koikson and Kulno Malva<\/p>\n<p class=\"Body\"><b>Poolam\u00e4e rap<br \/>\n<\/b>Tiit Kalluste<br \/>\nSoloist Jaanus Saks<\/p>\n<p class=\"Body\"><b>The settling down polka<br \/>\n<\/b>Karksi Parish<br \/>\nSung by Mari Sarv (1884-1977)<br \/>\nSet up by <span class='tooltipsall tooltipsincontent classtoolTips45'>Kristel Laas<\/span> (1982)<\/p>\n<p class=\"Body\"><b>PLUCKED STRINGS INSTRUMENTS<br \/>\n<\/b>Type director <span class='tooltipsall tooltipsincontent classtoolTips54'>Joosep Sang<\/span><\/p>\n<p class=\"Body\"><b>I walked on the village green<br \/>\n<\/b>Cyrillius Kreek (1889-1962)<br \/>\nFolklore<br \/>\nSet up by <span class='tooltipsall tooltipsincontent classtoolTips54'>Joosep Sang<\/span> (1971)<\/p>\n<p class=\"Body\"><b>Two polkas after Victor Compe<br \/>\n<\/b>Folk tune<br \/>\nSet up by Jaanus P\u00f5lder<\/p>\n<p class=\"Body\"><b>Feet medley<br \/>\n<\/b>Folk tune<br \/>\nSet up by Ilmar Kald (1974)<\/p>\n<p class=\"Body\"><b>A bellows\u2019 story from Setomaa<br \/>\n<\/b>Folk tune<br \/>\nSet up by <span class='tooltipsall tooltipsincontent classtoolTips54'>Joosep Sang<\/span><br \/>\nSoloist Martin M\u00fcller<\/p>\n<p class=\"Body\"><b>Whole village<br \/>\n<\/b>National tune<br \/>\nEthnosphere<br \/>\nSet up by Kaarel Kuusk (1987)<br \/>\nEnsemble Etnosf\u00e4\u00e4r going along<\/p>\n<p class=\"Body\"><b>UNIFIED ORCHESTRA<br \/>\n<\/b>Type director Juhan Uppin<\/p>\n<p class=\"Body\"><b>The bagpipe roller and the Tori tavern\u2019s horror story<br \/>\n<\/b>V\u00e4ndra Parish<br \/>\nPlayed by Hans Dreiman (1872-?)<br \/>\nSet up by Juhan Uppin<\/p>\n<p class=\"Body\"><b>Jaan Piht\u2019s polka<br \/>\n<\/b>Mustjala Parish<br \/>\nPlayed by Jaan Piht (1875-1950)<br \/>\nSet up by Juhan Uppin<\/p>\n<p class=\"Body\"><b>Waltz after Likmann<br \/>\n<\/b>Tori Parish<br \/>\nSet up by Juhan Uppin<\/p>\n<p class=\"Body\"><b>On a beautiful summernight<br \/>\n<\/b>Kuusalu Parish<br \/>\nSet up by Juhan Uppin<\/p>\n<p class=\"Body\"><b>Darling\u2019s far<br \/>\n<\/b>Paul Tammeveski (1898-1982)<br \/>\nPalyed by Richard Reino (1914-2004)<br \/>\nSet up by Juhan Uppin<\/p>\n<script type=\"text\/javascript\"> toolTips('.classtoolTips45','<figure id=\"attachment_34698\" aria-describedby=\"caption-attachment-34698\" style=\"width: 200px\" class=\"wp-caption alignleft\"><img class=\"wp-image-34698\" src=\"https:\/\/2019.laulupidu.ee\/wp-content\/uploads\/2019-peo-galeriid\/Portreepildid\/Riina-Varol\/Pildid\/Kristel_Laas_web_35A1201-EditX-390x585.jpg\" alt=\"\" width=\"200\" height=\"300\" \/><figcaption id=\"caption-attachment-34698\" class=\"wp-caption-text\"><span class='tooltipsall tooltipsincontent classtoolTips45'>Kristel Laas<\/span> \u2013 akordionite liigijuht<\/figcaption><\/figure>'); <\/script><script type=\"text\/javascript\"> toolTips('.classtoolTips48','<figure id=\"attachment_34467\" aria-describedby=\"caption-attachment-34467\" style=\"width: 200px\" class=\"wp-caption alignleft\"><img class=\"wp-image-34467\" src=\"https:\/\/2019.laulupidu.ee\/wp-content\/uploads\/2019-peo-galeriid\/Portreepildid\/Riina-Varol\/Pildid\/Pille_Karras_web_35A1276-EditX-390x585.jpg\" alt=\"\" width=\"200\" height=\"300\" \/><figcaption id=\"caption-attachment-34467\" class=\"wp-caption-text\"><span class='tooltipsall tooltipsincontent classtoolTips48'>Pille Karras<\/span> \u2013 v\u00e4ikekannelde ja rahvakannelde liigijuht<\/figcaption><\/figure>'); <\/script><script type=\"text\/javascript\"> toolTips('.classtoolTips54','<figure id=\"attachment_34644\" aria-describedby=\"caption-attachment-34644\" style=\"width: 200px\" class=\"wp-caption alignleft\"><img class=\"wp-image-34644\" src=\"https:\/\/2019.laulupidu.ee\/wp-content\/uploads\/2019-peo-galeriid\/Portreepildid\/Riina-Varol\/Pildid\/Joosep_Sang_web_35A0625-EditX-390x585.jpg\" alt=\"\" width=\"200\" height=\"300\" \/><figcaption id=\"caption-attachment-34644\" class=\"wp-caption-text\"><span class='tooltipsall tooltipsincontent classtoolTips54'>Joosep Sang<\/span> \u2013 n\u00e4ppepillide liigijuht<\/figcaption><\/figure>'); <\/script>","protected":false},"excerpt":{"rendered":"<p>FOLK MUSIC CELEBRATION Folk Music Celebration concert takes place on Fridat, 5 July, at 14.00, in Freedom Square MAIN CONCERT&#8230;<\/p>\n","protected":false},"author":6,"featured_media":0,"parent":28963,"menu_order":70,"comment_status":"closed","ping_status":"closed","template":"","meta":{"footnotes":"","_links_to":"","_links_to_target":""},"class_list":["post-36446","page","type-page","status-publish","hentry"],"yoast_head":"<!-- This site is optimized with the Yoast SEO plugin v25.9 - https:\/\/yoast.com\/wordpress\/plugins\/seo\/ -->\n<title>Main concert programme - Laulupidu 2019<\/title>\n<meta name=\"robots\" content=\"index, follow, max-snippet:-1, max-image-preview:large, max-video-preview:-1\" \/>\n<link rel=\"canonical\" href=\"https:\/\/2019.laulupidu.ee\/en\/folk-music\/main-concert-programme\/\" \/>\n<meta property=\"og:locale\" content=\"en_US\" \/>\n<meta property=\"og:type\" content=\"article\" \/>\n<meta property=\"og:title\" content=\"Main concert programme - Laulupidu 2019\" \/>\n<meta property=\"og:description\" content=\"FOLK MUSIC CELEBRATION Folk Music Celebration concert takes place on Fridat, 5 July, at 14.00, in Freedom Square MAIN CONCERT...\" \/>\n<meta property=\"og:url\" content=\"https:\/\/2019.laulupidu.ee\/en\/folk-music\/main-concert-programme\/\" \/>\n<meta property=\"og:site_name\" content=\"Laulupidu 2019\" \/>\n<meta property=\"article:modified_time\" content=\"2019-07-03T11:37:05+00:00\" \/>\n<meta name=\"twitter:card\" content=\"summary_large_image\" \/>\n<meta name=\"twitter:label1\" content=\"Est. reading time\" \/>\n\t<meta name=\"twitter:data1\" content=\"2 minutes\" \/>\n<script type=\"application\/ld+json\" class=\"yoast-schema-graph\">{\"@context\":\"https:\/\/schema.org\",\"@graph\":[{\"@type\":\"WebPage\",\"@id\":\"https:\/\/2019.laulupidu.ee\/en\/folk-music\/main-concert-programme\/\",\"url\":\"https:\/\/2019.laulupidu.ee\/en\/folk-music\/main-concert-programme\/\",\"name\":\"Main concert programme - Laulupidu 2019\",\"isPartOf\":{\"@id\":\"https:\/\/2019.laulupidu.ee\/en\/#website\"},\"datePublished\":\"2019-05-21T06:18:26+00:00\",\"dateModified\":\"2019-07-03T11:37:05+00:00\",\"breadcrumb\":{\"@id\":\"https:\/\/2019.laulupidu.ee\/en\/folk-music\/main-concert-programme\/#breadcrumb\"},\"inLanguage\":\"en-US\",\"potentialAction\":[{\"@type\":\"ReadAction\",\"target\":[\"https:\/\/2019.laulupidu.ee\/en\/folk-music\/main-concert-programme\/\"]}]},{\"@type\":\"BreadcrumbList\",\"@id\":\"https:\/\/2019.laulupidu.ee\/en\/folk-music\/main-concert-programme\/#breadcrumb\",\"itemListElement\":[{\"@type\":\"ListItem\",\"position\":1,\"name\":\"Home\",\"item\":\"https:\/\/2019.laulupidu.ee\/en\/\"},{\"@type\":\"ListItem\",\"position\":2,\"name\":\"Folk Music\",\"item\":\"https:\/\/2019.laulupidu.ee\/en\/folk-music\/\"},{\"@type\":\"ListItem\",\"position\":3,\"name\":\"Main concert programme\"}]},{\"@type\":\"WebSite\",\"@id\":\"https:\/\/2019.laulupidu.ee\/en\/#website\",\"url\":\"https:\/\/2019.laulupidu.ee\/en\/\",\"name\":\"Laulupidu 2019\",\"description\":\"My Fatherland is My Love\",\"potentialAction\":[{\"@type\":\"SearchAction\",\"target\":{\"@type\":\"EntryPoint\",\"urlTemplate\":\"https:\/\/2019.laulupidu.ee\/en\/?s={search_term_string}\"},\"query-input\":{\"@type\":\"PropertyValueSpecification\",\"valueRequired\":true,\"valueName\":\"search_term_string\"}}],\"inLanguage\":\"en-US\"}]}<\/script>\n<!-- \/ Yoast SEO plugin. -->","yoast_head_json":{"title":"Main concert programme - Laulupidu 2019","robots":{"index":"index","follow":"follow","max-snippet":"max-snippet:-1","max-image-preview":"max-image-preview:large","max-video-preview":"max-video-preview:-1"},"canonical":"https:\/\/2019.laulupidu.ee\/en\/folk-music\/main-concert-programme\/","og_locale":"en_US","og_type":"article","og_title":"Main concert programme - Laulupidu 2019","og_description":"FOLK MUSIC CELEBRATION Folk Music Celebration concert takes place on Fridat, 5 July, at 14.00, in Freedom Square MAIN CONCERT...","og_url":"https:\/\/2019.laulupidu.ee\/en\/folk-music\/main-concert-programme\/","og_site_name":"Laulupidu 2019","article_modified_time":"2019-07-03T11:37:05+00:00","twitter_card":"summary_large_image","twitter_misc":{"Est. reading time":"2 minutes"},"schema":{"@context":"https:\/\/schema.org","@graph":[{"@type":"WebPage","@id":"https:\/\/2019.laulupidu.ee\/en\/folk-music\/main-concert-programme\/","url":"https:\/\/2019.laulupidu.ee\/en\/folk-music\/main-concert-programme\/","name":"Main concert programme - Laulupidu 2019","isPartOf":{"@id":"https:\/\/2019.laulupidu.ee\/en\/#website"},"datePublished":"2019-05-21T06:18:26+00:00","dateModified":"2019-07-03T11:37:05+00:00","breadcrumb":{"@id":"https:\/\/2019.laulupidu.ee\/en\/folk-music\/main-concert-programme\/#breadcrumb"},"inLanguage":"en-US","potentialAction":[{"@type":"ReadAction","target":["https:\/\/2019.laulupidu.ee\/en\/folk-music\/main-concert-programme\/"]}]},{"@type":"BreadcrumbList","@id":"https:\/\/2019.laulupidu.ee\/en\/folk-music\/main-concert-programme\/#breadcrumb","itemListElement":[{"@type":"ListItem","position":1,"name":"Home","item":"https:\/\/2019.laulupidu.ee\/en\/"},{"@type":"ListItem","position":2,"name":"Folk Music","item":"https:\/\/2019.laulupidu.ee\/en\/folk-music\/"},{"@type":"ListItem","position":3,"name":"Main concert programme"}]},{"@type":"WebSite","@id":"https:\/\/2019.laulupidu.ee\/en\/#website","url":"https:\/\/2019.laulupidu.ee\/en\/","name":"Laulupidu 2019","description":"My Fatherland is My Love","potentialAction":[{"@type":"SearchAction","target":{"@type":"EntryPoint","urlTemplate":"https:\/\/2019.laulupidu.ee\/en\/?s={search_term_string}"},"query-input":{"@type":"PropertyValueSpecification","valueRequired":true,"valueName":"search_term_string"}}],"inLanguage":"en-US"}]}},"_links":{"self":[{"href":"https:\/\/2019.laulupidu.ee\/en\/wp-json\/wp\/v2\/pages\/36446","targetHints":{"allow":["GET"]}}],"collection":[{"href":"https:\/\/2019.laulupidu.ee\/en\/wp-json\/wp\/v2\/pages"}],"about":[{"href":"https:\/\/2019.laulupidu.ee\/en\/wp-json\/wp\/v2\/types\/page"}],"author":[{"embeddable":true,"href":"https:\/\/2019.laulupidu.ee\/en\/wp-json\/wp\/v2\/users\/6"}],"replies":[{"embeddable":true,"href":"https:\/\/2019.laulupidu.ee\/en\/wp-json\/wp\/v2\/comments?post=36446"}],"version-history":[{"count":2,"href":"https:\/\/2019.laulupidu.ee\/en\/wp-json\/wp\/v2\/pages\/36446\/revisions"}],"predecessor-version":[{"id":44472,"href":"https:\/\/2019.laulupidu.ee\/en\/wp-json\/wp\/v2\/pages\/36446\/revisions\/44472"}],"up":[{"embeddable":true,"href":"https:\/\/2019.laulupidu.ee\/en\/wp-json\/wp\/v2\/pages\/28963"}],"wp:attachment":[{"href":"https:\/\/2019.laulupidu.ee\/en\/wp-json\/wp\/v2\/media?parent=36446"}],"curies":[{"name":"wp","href":"https:\/\/api.w.org\/{rel}","templated":true}]}}