{"id":36550,"date":"2018-05-08T15:25:11","date_gmt":"2018-05-08T12:25:11","guid":{"rendered":"https:\/\/2019.laulupidu.ee\/%d0%bf%d1%80%d0%b0%d0%b7%d0%b4%d0%bd%d0%b8%d0%ba-%d0%bf%d0%b5%d1%81%d0%bd%d0%b8\/%d1%83%d1%87%d0%b0%d1%81%d1%82%d0%bd%d0%b8%d0%ba\/laulupeo-repertuaar\/lastekoor\/"},"modified":"2019-05-28T11:04:41","modified_gmt":"2019-05-28T08:04:41","slug":"%d0%b4%d0%b5%d1%82%d1%81%d0%ba%d0%b8%d0%b9-%d1%85%d0%be%d1%80","status":"publish","type":"page","link":"https:\/\/2019.laulupidu.ee\/ru\/%d0%bf%d1%80%d0%b0%d0%b7%d0%b4%d0%bd%d0%b8%d0%ba-%d0%bf%d0%b5%d1%81%d0%bd%d0%b8\/%d1%83%d1%87%d0%b0%d1%81%d1%82%d0%bd%d0%b8%d0%ba\/laulupeo-repertuaar\/%d0%b4%d0%b5%d1%82%d1%81%d0%ba%d0%b8%d0%b9-%d1%85%d0%be%d1%80\/","title":{"rendered":"\u0414\u0435\u0442\u0441\u043a\u0438\u0439 \u0445\u043e\u0440"},"content":{"rendered":"<p>Lastekooride kava pakub m\u00f5juvaid tekste ning kuldav\u00e4\u00e4rt ja ilusat muusikat. Me vaatame ajas 150 aastat tagasi ja ulatame m\u00f5ttes terek\u00e4e esimeste laulupidude elluviijatele. Linnutiivul l\u00e4bi ajaloo lennates tervitame ja \u00f5nnitleme t\u00e4nasel peol k\u00f5iki eestimaalasi: oma peret, vanemaid, vendi-\u00f5desid, uusi ja vanu s\u00f5pru. Hoides traditsioone ja p\u00fc\u00fcdes kasvada ise uute v\u00e4\u00e4rtuste loojateks ja kandjateks, r\u00f5kkame r\u00f5\u00f5must, hoiame ja jagame \u00f5nne, aga m\u00f5tiskleme s\u00fcgavamalt juba ka igavikulistel teemadel inimeseks olemise \u00fcle. \u00dcksi ja \u00fcheskoos uut homset p\u00e4eva luues t\u00f5deme julgelt: ilus on maa, mida armastan!<\/p>\n<p>Toredaid m\u00f5tter\u00e4nnakuid ja r\u00f5\u00f5msat meelt laulude \u00f5ppimisel!<br \/>\nHead juubelilaulupidu!<\/p>\n<p>Lastekooride liigi dirigendid<br \/>\nMaarja, Elo, Ingrid ja Mai<\/p>\n<hr \/>\n<p>P\u00e4rt Uusberg,\u00a0<strong>Igaviku tuules<\/strong><br \/>\ntakt 44-60 &#8212; alumine rida, v\u00e4ikeste nooridega on m\u00e4rgitud naiskooripartii, lastekoor laulab \u00fclemist rida.<\/p>\n<p>Sakarias Jaan Leppik <strong>Maarja kuld<br \/>\n<\/strong>takt 92 &#8212; s\u00f5na &#171;siel&#187; \u00f5ige kirjapilt ja h\u00e4\u00e4ldus on &#171;si\u00e4l&#187; (parandus lisatud 6.10.18)<\/p>\n<hr \/>\n<p>12.10.18 lisatud &#171;\u00d5nn ei tule pikutades&#187; liikumise kirjeldus<br \/>\n27.10.18 lisatud &#171;\u00d5nn ei tule pikutades&#187; t\u00f6\u00f6leht<br \/>\n04.01.19 lisatud laulude &#171;Koit&#187; ja &#171;Mu isamaa on minu arm&#187; t\u00f6\u00f6lehed.<br \/>\n02.04.19 lisatud muudatustega &#171;Ta lendab mesipuu poole&#187; t\u00f6\u00f6leht. Palume kohanduda &#171;Ta lendab mesipuu poole&#187; peol juhatava dirigendi, Vaike Uibopuu soovidele. (NB! ettelaulmisel v\u00f5ib laulda sisse\u00f5pitud n\u00f5uete j\u00e4rgi).<br \/>\n04.04.19 lisatud UUS muudatustega &#171;Ta lendab mesipuu poole&#187; t\u00f6\u00f6leht. Palume kohanduda &#171;Ta lendab mesipuu poole&#187; peol juhatava dirigendi, Vaike Uibopuu soovidele. (NB! ettelaulmisel v\u00f5ib laulda sisse\u00f5pitud n\u00f5uete j\u00e4rgi).<br \/>\n18.04.19 lisatud &#171;\u00d5nn ei tule pikutades&#187; liikumiskirjeldusse parandus.<\/p>\n","protected":false},"excerpt":{"rendered":"<p>Lastekooride kava pakub m\u00f5juvaid tekste ning kuldav\u00e4\u00e4rt ja ilusat muusikat. Me vaatame ajas 150 aastat tagasi ja ulatame m\u00f5ttes terek\u00e4e&#8230;<\/p>\n","protected":false},"author":6,"featured_media":0,"parent":30591,"menu_order":10,"comment_status":"closed","ping_status":"closed","template":"page-templates\/tpl-repertory.php","meta":{"footnotes":"","_links_to":"","_links_to_target":""},"class_list":["post-36550","page","type-page","status-publish","hentry"],"yoast_head":"<!-- This site is optimized with the Yoast SEO plugin v25.9 - https:\/\/yoast.com\/wordpress\/plugins\/seo\/ -->\n<title>\u0414\u0435\u0442\u0441\u043a\u0438\u0439 \u0445\u043e\u0440 - Laulupidu 2019<\/title>\n<meta name=\"robots\" content=\"index, follow, max-snippet:-1, max-image-preview:large, max-video-preview:-1\" \/>\n<link rel=\"canonical\" href=\"https:\/\/2019.laulupidu.ee\/ru\/%d0%bf%d1%80%d0%b0%d0%b7%d0%b4%d0%bd%d0%b8%d0%ba-%d0%bf%d0%b5%d1%81%d0%bd%d0%b8\/%d1%83%d1%87%d0%b0%d1%81%d1%82%d0%bd%d0%b8%d0%ba\/laulupeo-repertuaar\/%d0%b4%d0%b5%d1%82%d1%81%d0%ba%d0%b8%d0%b9-%d1%85%d0%be%d1%80\/\" \/>\n<meta property=\"og:locale\" content=\"ru_RU\" \/>\n<meta property=\"og:type\" content=\"article\" \/>\n<meta property=\"og:title\" content=\"\u0414\u0435\u0442\u0441\u043a\u0438\u0439 \u0445\u043e\u0440 - Laulupidu 2019\" \/>\n<meta property=\"og:description\" content=\"Lastekooride kava pakub m\u00f5juvaid tekste ning kuldav\u00e4\u00e4rt ja ilusat muusikat. Me vaatame ajas 150 aastat tagasi ja ulatame m\u00f5ttes terek\u00e4e...\" \/>\n<meta property=\"og:url\" content=\"https:\/\/2019.laulupidu.ee\/ru\/%d0%bf%d1%80%d0%b0%d0%b7%d0%b4%d0%bd%d0%b8%d0%ba-%d0%bf%d0%b5%d1%81%d0%bd%d0%b8\/%d1%83%d1%87%d0%b0%d1%81%d1%82%d0%bd%d0%b8%d0%ba\/laulupeo-repertuaar\/%d0%b4%d0%b5%d1%82%d1%81%d0%ba%d0%b8%d0%b9-%d1%85%d0%be%d1%80\/\" \/>\n<meta property=\"og:site_name\" content=\"Laulupidu 2019\" \/>\n<meta property=\"article:modified_time\" content=\"2019-05-28T08:04:41+00:00\" \/>\n<meta name=\"twitter:card\" content=\"summary_large_image\" \/>\n<meta name=\"twitter:label1\" content=\"\u041f\u0440\u0438\u043c\u0435\u0440\u043d\u043e\u0435 \u0432\u0440\u0435\u043c\u044f \u0434\u043b\u044f \u0447\u0442\u0435\u043d\u0438\u044f\" \/>\n\t<meta name=\"twitter:data1\" content=\"1 \u043c\u0438\u043d\u0443\u0442\u0430\" \/>\n<script type=\"application\/ld+json\" class=\"yoast-schema-graph\">{\"@context\":\"https:\/\/schema.org\",\"@graph\":[{\"@type\":\"WebPage\",\"@id\":\"https:\/\/2019.laulupidu.ee\/ru\/%d0%bf%d1%80%d0%b0%d0%b7%d0%b4%d0%bd%d0%b8%d0%ba-%d0%bf%d0%b5%d1%81%d0%bd%d0%b8\/%d1%83%d1%87%d0%b0%d1%81%d1%82%d0%bd%d0%b8%d0%ba\/laulupeo-repertuaar\/%d0%b4%d0%b5%d1%82%d1%81%d0%ba%d0%b8%d0%b9-%d1%85%d0%be%d1%80\/\",\"url\":\"https:\/\/2019.laulupidu.ee\/ru\/%d0%bf%d1%80%d0%b0%d0%b7%d0%b4%d0%bd%d0%b8%d0%ba-%d0%bf%d0%b5%d1%81%d0%bd%d0%b8\/%d1%83%d1%87%d0%b0%d1%81%d1%82%d0%bd%d0%b8%d0%ba\/laulupeo-repertuaar\/%d0%b4%d0%b5%d1%82%d1%81%d0%ba%d0%b8%d0%b9-%d1%85%d0%be%d1%80\/\",\"name\":\"\u0414\u0435\u0442\u0441\u043a\u0438\u0439 \u0445\u043e\u0440 - Laulupidu 2019\",\"isPartOf\":{\"@id\":\"https:\/\/2019.laulupidu.ee\/ru\/#website\"},\"datePublished\":\"2018-05-08T12:25:11+00:00\",\"dateModified\":\"2019-05-28T08:04:41+00:00\",\"breadcrumb\":{\"@id\":\"https:\/\/2019.laulupidu.ee\/ru\/%d0%bf%d1%80%d0%b0%d0%b7%d0%b4%d0%bd%d0%b8%d0%ba-%d0%bf%d0%b5%d1%81%d0%bd%d0%b8\/%d1%83%d1%87%d0%b0%d1%81%d1%82%d0%bd%d0%b8%d0%ba\/laulupeo-repertuaar\/%d0%b4%d0%b5%d1%82%d1%81%d0%ba%d0%b8%d0%b9-%d1%85%d0%be%d1%80\/#breadcrumb\"},\"inLanguage\":\"ru-RU\",\"potentialAction\":[{\"@type\":\"ReadAction\",\"target\":[\"https:\/\/2019.laulupidu.ee\/ru\/%d0%bf%d1%80%d0%b0%d0%b7%d0%b4%d0%bd%d0%b8%d0%ba-%d0%bf%d0%b5%d1%81%d0%bd%d0%b8\/%d1%83%d1%87%d0%b0%d1%81%d1%82%d0%bd%d0%b8%d0%ba\/laulupeo-repertuaar\/%d0%b4%d0%b5%d1%82%d1%81%d0%ba%d0%b8%d0%b9-%d1%85%d0%be%d1%80\/\"]}]},{\"@type\":\"BreadcrumbList\",\"@id\":\"https:\/\/2019.laulupidu.ee\/ru\/%d0%bf%d1%80%d0%b0%d0%b7%d0%b4%d0%bd%d0%b8%d0%ba-%d0%bf%d0%b5%d1%81%d0%bd%d0%b8\/%d1%83%d1%87%d0%b0%d1%81%d1%82%d0%bd%d0%b8%d0%ba\/laulupeo-repertuaar\/%d0%b4%d0%b5%d1%82%d1%81%d0%ba%d0%b8%d0%b9-%d1%85%d0%be%d1%80\/#breadcrumb\",\"itemListElement\":[{\"@type\":\"ListItem\",\"position\":1,\"name\":\"Home\",\"item\":\"https:\/\/2019.laulupidu.ee\/ru\/\"},{\"@type\":\"ListItem\",\"position\":2,\"name\":\"\u041f\u0440\u0430\u0437\u0434\u043d\u0438\u043a \u043f\u0435\u0441\u043d\u0438\",\"item\":\"https:\/\/2019.laulupidu.ee\/ru\/%d0%bf%d1%80%d0%b0%d0%b7%d0%b4%d0%bd%d0%b8%d0%ba-%d0%bf%d0%b5%d1%81%d0%bd%d0%b8\/\"},{\"@type\":\"ListItem\",\"position\":3,\"name\":\"\u0423\u0447\u0430\u0441\u0442\u043d\u0438\u043a\",\"item\":\"https:\/\/2019.laulupidu.ee\/ru\/%d0%bf%d1%80%d0%b0%d0%b7%d0%b4%d0%bd%d0%b8%d0%ba-%d0%bf%d0%b5%d1%81%d0%bd%d0%b8\/%d1%83%d1%87%d0%b0%d1%81%d1%82%d0%bd%d0%b8%d0%ba\/\"},{\"@type\":\"ListItem\",\"position\":4,\"name\":\"\u0420\u0435\u043f\u0435\u0440\u0442\u0443\u0430\u0440\",\"item\":\"https:\/\/2019.laulupidu.ee\/ru\/%d0%bf%d1%80%d0%b0%d0%b7%d0%b4%d0%bd%d0%b8%d0%ba-%d0%bf%d0%b5%d1%81%d0%bd%d0%b8\/%d1%83%d1%87%d0%b0%d1%81%d1%82%d0%bd%d0%b8%d0%ba\/laulupeo-repertuaar\/\"},{\"@type\":\"ListItem\",\"position\":5,\"name\":\"\u0414\u0435\u0442\u0441\u043a\u0438\u0439 \u0445\u043e\u0440\"}]},{\"@type\":\"WebSite\",\"@id\":\"https:\/\/2019.laulupidu.ee\/ru\/#website\",\"url\":\"https:\/\/2019.laulupidu.ee\/ru\/\",\"name\":\"Laulupidu 2019\",\"description\":\"\u041c\u043e\u0451 \u043e\u0442\u0435\u0447\u0435\u0441\u0442\u0432\u043e \u2013 \u043c\u043e\u044f \u043b\u044e\u0431\u043e\u0432\u044c\",\"potentialAction\":[{\"@type\":\"SearchAction\",\"target\":{\"@type\":\"EntryPoint\",\"urlTemplate\":\"https:\/\/2019.laulupidu.ee\/ru\/?s={search_term_string}\"},\"query-input\":{\"@type\":\"PropertyValueSpecification\",\"valueRequired\":true,\"valueName\":\"search_term_string\"}}],\"inLanguage\":\"ru-RU\"}]}<\/script>\n<!-- \/ Yoast SEO plugin. -->","yoast_head_json":{"title":"\u0414\u0435\u0442\u0441\u043a\u0438\u0439 \u0445\u043e\u0440 - Laulupidu 2019","robots":{"index":"index","follow":"follow","max-snippet":"max-snippet:-1","max-image-preview":"max-image-preview:large","max-video-preview":"max-video-preview:-1"},"canonical":"https:\/\/2019.laulupidu.ee\/ru\/%d0%bf%d1%80%d0%b0%d0%b7%d0%b4%d0%bd%d0%b8%d0%ba-%d0%bf%d0%b5%d1%81%d0%bd%d0%b8\/%d1%83%d1%87%d0%b0%d1%81%d1%82%d0%bd%d0%b8%d0%ba\/laulupeo-repertuaar\/%d0%b4%d0%b5%d1%82%d1%81%d0%ba%d0%b8%d0%b9-%d1%85%d0%be%d1%80\/","og_locale":"ru_RU","og_type":"article","og_title":"\u0414\u0435\u0442\u0441\u043a\u0438\u0439 \u0445\u043e\u0440 - Laulupidu 2019","og_description":"Lastekooride kava pakub m\u00f5juvaid tekste ning kuldav\u00e4\u00e4rt ja ilusat muusikat. Me vaatame ajas 150 aastat tagasi ja ulatame m\u00f5ttes terek\u00e4e...","og_url":"https:\/\/2019.laulupidu.ee\/ru\/%d0%bf%d1%80%d0%b0%d0%b7%d0%b4%d0%bd%d0%b8%d0%ba-%d0%bf%d0%b5%d1%81%d0%bd%d0%b8\/%d1%83%d1%87%d0%b0%d1%81%d1%82%d0%bd%d0%b8%d0%ba\/laulupeo-repertuaar\/%d0%b4%d0%b5%d1%82%d1%81%d0%ba%d0%b8%d0%b9-%d1%85%d0%be%d1%80\/","og_site_name":"Laulupidu 2019","article_modified_time":"2019-05-28T08:04:41+00:00","twitter_card":"summary_large_image","twitter_misc":{"\u041f\u0440\u0438\u043c\u0435\u0440\u043d\u043e\u0435 \u0432\u0440\u0435\u043c\u044f \u0434\u043b\u044f \u0447\u0442\u0435\u043d\u0438\u044f":"1 \u043c\u0438\u043d\u0443\u0442\u0430"},"schema":{"@context":"https:\/\/schema.org","@graph":[{"@type":"WebPage","@id":"https:\/\/2019.laulupidu.ee\/ru\/%d0%bf%d1%80%d0%b0%d0%b7%d0%b4%d0%bd%d0%b8%d0%ba-%d0%bf%d0%b5%d1%81%d0%bd%d0%b8\/%d1%83%d1%87%d0%b0%d1%81%d1%82%d0%bd%d0%b8%d0%ba\/laulupeo-repertuaar\/%d0%b4%d0%b5%d1%82%d1%81%d0%ba%d0%b8%d0%b9-%d1%85%d0%be%d1%80\/","url":"https:\/\/2019.laulupidu.ee\/ru\/%d0%bf%d1%80%d0%b0%d0%b7%d0%b4%d0%bd%d0%b8%d0%ba-%d0%bf%d0%b5%d1%81%d0%bd%d0%b8\/%d1%83%d1%87%d0%b0%d1%81%d1%82%d0%bd%d0%b8%d0%ba\/laulupeo-repertuaar\/%d0%b4%d0%b5%d1%82%d1%81%d0%ba%d0%b8%d0%b9-%d1%85%d0%be%d1%80\/","name":"\u0414\u0435\u0442\u0441\u043a\u0438\u0439 \u0445\u043e\u0440 - Laulupidu 2019","isPartOf":{"@id":"https:\/\/2019.laulupidu.ee\/ru\/#website"},"datePublished":"2018-05-08T12:25:11+00:00","dateModified":"2019-05-28T08:04:41+00:00","breadcrumb":{"@id":"https:\/\/2019.laulupidu.ee\/ru\/%d0%bf%d1%80%d0%b0%d0%b7%d0%b4%d0%bd%d0%b8%d0%ba-%d0%bf%d0%b5%d1%81%d0%bd%d0%b8\/%d1%83%d1%87%d0%b0%d1%81%d1%82%d0%bd%d0%b8%d0%ba\/laulupeo-repertuaar\/%d0%b4%d0%b5%d1%82%d1%81%d0%ba%d0%b8%d0%b9-%d1%85%d0%be%d1%80\/#breadcrumb"},"inLanguage":"ru-RU","potentialAction":[{"@type":"ReadAction","target":["https:\/\/2019.laulupidu.ee\/ru\/%d0%bf%d1%80%d0%b0%d0%b7%d0%b4%d0%bd%d0%b8%d0%ba-%d0%bf%d0%b5%d1%81%d0%bd%d0%b8\/%d1%83%d1%87%d0%b0%d1%81%d1%82%d0%bd%d0%b8%d0%ba\/laulupeo-repertuaar\/%d0%b4%d0%b5%d1%82%d1%81%d0%ba%d0%b8%d0%b9-%d1%85%d0%be%d1%80\/"]}]},{"@type":"BreadcrumbList","@id":"https:\/\/2019.laulupidu.ee\/ru\/%d0%bf%d1%80%d0%b0%d0%b7%d0%b4%d0%bd%d0%b8%d0%ba-%d0%bf%d0%b5%d1%81%d0%bd%d0%b8\/%d1%83%d1%87%d0%b0%d1%81%d1%82%d0%bd%d0%b8%d0%ba\/laulupeo-repertuaar\/%d0%b4%d0%b5%d1%82%d1%81%d0%ba%d0%b8%d0%b9-%d1%85%d0%be%d1%80\/#breadcrumb","itemListElement":[{"@type":"ListItem","position":1,"name":"Home","item":"https:\/\/2019.laulupidu.ee\/ru\/"},{"@type":"ListItem","position":2,"name":"\u041f\u0440\u0430\u0437\u0434\u043d\u0438\u043a \u043f\u0435\u0441\u043d\u0438","item":"https:\/\/2019.laulupidu.ee\/ru\/%d0%bf%d1%80%d0%b0%d0%b7%d0%b4%d0%bd%d0%b8%d0%ba-%d0%bf%d0%b5%d1%81%d0%bd%d0%b8\/"},{"@type":"ListItem","position":3,"name":"\u0423\u0447\u0430\u0441\u0442\u043d\u0438\u043a","item":"https:\/\/2019.laulupidu.ee\/ru\/%d0%bf%d1%80%d0%b0%d0%b7%d0%b4%d0%bd%d0%b8%d0%ba-%d0%bf%d0%b5%d1%81%d0%bd%d0%b8\/%d1%83%d1%87%d0%b0%d1%81%d1%82%d0%bd%d0%b8%d0%ba\/"},{"@type":"ListItem","position":4,"name":"\u0420\u0435\u043f\u0435\u0440\u0442\u0443\u0430\u0440","item":"https:\/\/2019.laulupidu.ee\/ru\/%d0%bf%d1%80%d0%b0%d0%b7%d0%b4%d0%bd%d0%b8%d0%ba-%d0%bf%d0%b5%d1%81%d0%bd%d0%b8\/%d1%83%d1%87%d0%b0%d1%81%d1%82%d0%bd%d0%b8%d0%ba\/laulupeo-repertuaar\/"},{"@type":"ListItem","position":5,"name":"\u0414\u0435\u0442\u0441\u043a\u0438\u0439 \u0445\u043e\u0440"}]},{"@type":"WebSite","@id":"https:\/\/2019.laulupidu.ee\/ru\/#website","url":"https:\/\/2019.laulupidu.ee\/ru\/","name":"Laulupidu 2019","description":"\u041c\u043e\u0451 \u043e\u0442\u0435\u0447\u0435\u0441\u0442\u0432\u043e \u2013 \u043c\u043e\u044f \u043b\u044e\u0431\u043e\u0432\u044c","potentialAction":[{"@type":"SearchAction","target":{"@type":"EntryPoint","urlTemplate":"https:\/\/2019.laulupidu.ee\/ru\/?s={search_term_string}"},"query-input":{"@type":"PropertyValueSpecification","valueRequired":true,"valueName":"search_term_string"}}],"inLanguage":"ru-RU"}]}},"_links":{"self":[{"href":"https:\/\/2019.laulupidu.ee\/ru\/wp-json\/wp\/v2\/pages\/36550","targetHints":{"allow":["GET"]}}],"collection":[{"href":"https:\/\/2019.laulupidu.ee\/ru\/wp-json\/wp\/v2\/pages"}],"about":[{"href":"https:\/\/2019.laulupidu.ee\/ru\/wp-json\/wp\/v2\/types\/page"}],"author":[{"embeddable":true,"href":"https:\/\/2019.laulupidu.ee\/ru\/wp-json\/wp\/v2\/users\/6"}],"replies":[{"embeddable":true,"href":"https:\/\/2019.laulupidu.ee\/ru\/wp-json\/wp\/v2\/comments?post=36550"}],"version-history":[{"count":1,"href":"https:\/\/2019.laulupidu.ee\/ru\/wp-json\/wp\/v2\/pages\/36550\/revisions"}],"predecessor-version":[{"id":36558,"href":"https:\/\/2019.laulupidu.ee\/ru\/wp-json\/wp\/v2\/pages\/36550\/revisions\/36558"}],"up":[{"embeddable":true,"href":"https:\/\/2019.laulupidu.ee\/ru\/wp-json\/wp\/v2\/pages\/30591"}],"wp:attachment":[{"href":"https:\/\/2019.laulupidu.ee\/ru\/wp-json\/wp\/v2\/media?parent=36550"}],"curies":[{"name":"wp","href":"https:\/\/api.w.org\/{rel}","templated":true}]}}