{"id":36551,"date":"2018-05-25T13:02:49","date_gmt":"2018-05-25T10:02:49","guid":{"rendered":"https:\/\/2019.laulupidu.ee\/%d0%bf%d1%80%d0%b0%d0%b7%d0%b4%d0%bd%d0%b8%d0%ba-%d0%bf%d0%b5%d1%81%d0%bd%d0%b8\/%d1%83%d1%87%d0%b0%d1%81%d1%82%d0%bd%d0%b8%d0%ba\/laulupeo-repertuaar\/poistekoor\/"},"modified":"2019-05-28T11:04:53","modified_gmt":"2019-05-28T08:04:53","slug":"%d1%85%d0%be%d1%80-%d0%bc%d0%b0%d0%bb%d1%8c%d1%87%d0%b8%d0%ba%d0%be%d0%b2","status":"publish","type":"page","link":"https:\/\/2019.laulupidu.ee\/ru\/%d0%bf%d1%80%d0%b0%d0%b7%d0%b4%d0%bd%d0%b8%d0%ba-%d0%bf%d0%b5%d1%81%d0%bd%d0%b8\/%d1%83%d1%87%d0%b0%d1%81%d1%82%d0%bd%d0%b8%d0%ba\/laulupeo-repertuaar\/%d1%85%d0%be%d1%80-%d0%bc%d0%b0%d0%bb%d1%8c%d1%87%d0%b8%d0%ba%d0%be%d0%b2\/","title":{"rendered":"\u0425\u043e\u0440 \u043c\u0430\u043b\u044c\u0447\u0438\u043a\u043e\u0432"},"content":{"rendered":"<p>Head poistekooride lauljad!<\/p>\n<p>Hoidkem v\u00e4\u00e4rtusi mida meile on jagatud ja hoidkem inimesi!<br \/>\nNeis lauludes on igas \u00fches peidus oma v\u00e4\u00e4rtus , millele saame ehk l\u00e4hemale ja \u00f5pime paremini neid tundma &#8212; Gustav Ernesaks, Arvo P\u00e4rt, vanaisa, meri, sport\u2026<\/p>\n<p>Head \u00f5ppimist ja avastamist!<\/p>\n<p><span class='tooltipsall tooltipsincontent classtoolTips53'>Hirvo Surva<\/span><\/p>\n<hr \/>\n<p>Priit Pajusaar, <strong>Spordimeeste laul\u00a0<\/strong><br \/>\ntakt 82, 3. l\u00f6\u00f6k &#8212; soprani noot on fis (helistik D-duur)<br \/>\n<strong>UUS!<\/strong> Helistik on taas endine ehk <strong>D-duur<\/strong>.<br \/>\nLiikumisseadet lihtsustatakse<\/p>\n<p>Gustav Ernesaks, <strong>Kes selle tamme istutas?<\/strong><br \/>\ntakt 50 \u2013 bass laulab nooti f, mitte g<\/p>\n<hr \/>\n<p>03.10.18 lisatud &#171;Mere kutse&#187; t\u00f6\u00f6leht<br \/>\n20.11.18 lisatud &#171;Spordimeeste laul&#187; klaviir ja fonogramm D-duuris ning kommentaar liikumise kohta.<br \/>\n27.12.18 lisatud &#171;Spordimeeste laul&#187; muudetud liikumisega liikumise \u00f5ppevideo.<br \/>\n04.01.19 lisatud laulude &#171;Koit&#187; ja &#171;Mu isamaa on minu arm&#187; t\u00f6\u00f6lehed.<br \/>\n02.04.19 lisatud muudatustega &#171;Ta lendab mesipuu poole&#187; t\u00f6\u00f6leht. Palume kohanduda &#171;Ta lendab mesipuu poole&#187; peol juhatava dirigendi, Vaike Uibopuu soovidele. (NB! ettelaulmisel v\u00f5ib laulda sisse\u00f5pitud n\u00f5uete j\u00e4rgi).<br \/>\n04.04.19 lisatud UUS muudatustega &#171;Ta lendab mesipuu poole&#187; t\u00f6\u00f6leht. Palume kohanduda &#171;Ta lendab mesipuu poole&#187; peol juhatava dirigendi, Vaike Uibopuu soovidele. (NB! ettelaulmisel v\u00f5ib laulda sisse\u00f5pitud n\u00f5uete j\u00e4rgi).<\/p>\n<script type=\"text\/javascript\"> toolTips('.classtoolTips53','<figure id=\"attachment_34623\" aria-describedby=\"caption-attachment-34623\" style=\"width: 200px\" class=\"wp-caption alignleft\"><img class=\"wp-image-34623\" src=\"https:\/\/2019.laulupidu.ee\/wp-content\/uploads\/2019-peo-galeriid\/Portreepildid\/Riina-Varol\/Pildid\/Hirvo_Surva_web_35A0182-EditX-390x585.jpg\" alt=\"\" width=\"200\" height=\"300\" \/><figcaption id=\"caption-attachment-34623\" class=\"wp-caption-text\">liigijuht <span class='tooltipsall tooltipsincontent classtoolTips53'>Hirvo Surva<\/span><\/figcaption><\/figure>'); <\/script>","protected":false},"excerpt":{"rendered":"<p>Head poistekooride lauljad! Hoidkem v\u00e4\u00e4rtusi mida meile on jagatud ja hoidkem inimesi! Neis lauludes on igas \u00fches peidus oma v\u00e4\u00e4rtus&#8230;<\/p>\n","protected":false},"author":9,"featured_media":0,"parent":30591,"menu_order":30,"comment_status":"closed","ping_status":"closed","template":"page-templates\/tpl-repertory.php","meta":{"footnotes":"","_links_to":"","_links_to_target":""},"class_list":["post-36551","page","type-page","status-publish","hentry"],"yoast_head":"<!-- This site is optimized with the Yoast SEO plugin v25.9 - https:\/\/yoast.com\/wordpress\/plugins\/seo\/ -->\n<title>\u0425\u043e\u0440 \u043c\u0430\u043b\u044c\u0447\u0438\u043a\u043e\u0432 - Laulupidu 2019<\/title>\n<meta name=\"robots\" content=\"index, follow, max-snippet:-1, max-image-preview:large, max-video-preview:-1\" \/>\n<link rel=\"canonical\" href=\"https:\/\/2019.laulupidu.ee\/ru\/%d0%bf%d1%80%d0%b0%d0%b7%d0%b4%d0%bd%d0%b8%d0%ba-%d0%bf%d0%b5%d1%81%d0%bd%d0%b8\/%d1%83%d1%87%d0%b0%d1%81%d1%82%d0%bd%d0%b8%d0%ba\/laulupeo-repertuaar\/%d1%85%d0%be%d1%80-%d0%bc%d0%b0%d0%bb%d1%8c%d1%87%d0%b8%d0%ba%d0%be%d0%b2\/\" \/>\n<meta property=\"og:locale\" content=\"ru_RU\" \/>\n<meta property=\"og:type\" content=\"article\" \/>\n<meta property=\"og:title\" content=\"\u0425\u043e\u0440 \u043c\u0430\u043b\u044c\u0447\u0438\u043a\u043e\u0432 - Laulupidu 2019\" \/>\n<meta property=\"og:description\" content=\"Head poistekooride lauljad! Hoidkem v\u00e4\u00e4rtusi mida meile on jagatud ja hoidkem inimesi! Neis lauludes on igas \u00fches peidus oma v\u00e4\u00e4rtus...\" \/>\n<meta property=\"og:url\" content=\"https:\/\/2019.laulupidu.ee\/ru\/%d0%bf%d1%80%d0%b0%d0%b7%d0%b4%d0%bd%d0%b8%d0%ba-%d0%bf%d0%b5%d1%81%d0%bd%d0%b8\/%d1%83%d1%87%d0%b0%d1%81%d1%82%d0%bd%d0%b8%d0%ba\/laulupeo-repertuaar\/%d1%85%d0%be%d1%80-%d0%bc%d0%b0%d0%bb%d1%8c%d1%87%d0%b8%d0%ba%d0%be%d0%b2\/\" \/>\n<meta property=\"og:site_name\" content=\"Laulupidu 2019\" \/>\n<meta property=\"article:modified_time\" content=\"2019-05-28T08:04:53+00:00\" \/>\n<meta name=\"twitter:card\" content=\"summary_large_image\" \/>\n<meta name=\"twitter:label1\" content=\"\u041f\u0440\u0438\u043c\u0435\u0440\u043d\u043e\u0435 \u0432\u0440\u0435\u043c\u044f \u0434\u043b\u044f \u0447\u0442\u0435\u043d\u0438\u044f\" \/>\n\t<meta name=\"twitter:data1\" content=\"1 \u043c\u0438\u043d\u0443\u0442\u0430\" \/>\n<script type=\"application\/ld+json\" class=\"yoast-schema-graph\">{\"@context\":\"https:\/\/schema.org\",\"@graph\":[{\"@type\":\"WebPage\",\"@id\":\"https:\/\/2019.laulupidu.ee\/ru\/%d0%bf%d1%80%d0%b0%d0%b7%d0%b4%d0%bd%d0%b8%d0%ba-%d0%bf%d0%b5%d1%81%d0%bd%d0%b8\/%d1%83%d1%87%d0%b0%d1%81%d1%82%d0%bd%d0%b8%d0%ba\/laulupeo-repertuaar\/%d1%85%d0%be%d1%80-%d0%bc%d0%b0%d0%bb%d1%8c%d1%87%d0%b8%d0%ba%d0%be%d0%b2\/\",\"url\":\"https:\/\/2019.laulupidu.ee\/ru\/%d0%bf%d1%80%d0%b0%d0%b7%d0%b4%d0%bd%d0%b8%d0%ba-%d0%bf%d0%b5%d1%81%d0%bd%d0%b8\/%d1%83%d1%87%d0%b0%d1%81%d1%82%d0%bd%d0%b8%d0%ba\/laulupeo-repertuaar\/%d1%85%d0%be%d1%80-%d0%bc%d0%b0%d0%bb%d1%8c%d1%87%d0%b8%d0%ba%d0%be%d0%b2\/\",\"name\":\"\u0425\u043e\u0440 \u043c\u0430\u043b\u044c\u0447\u0438\u043a\u043e\u0432 - Laulupidu 2019\",\"isPartOf\":{\"@id\":\"https:\/\/2019.laulupidu.ee\/ru\/#website\"},\"datePublished\":\"2018-05-25T10:02:49+00:00\",\"dateModified\":\"2019-05-28T08:04:53+00:00\",\"breadcrumb\":{\"@id\":\"https:\/\/2019.laulupidu.ee\/ru\/%d0%bf%d1%80%d0%b0%d0%b7%d0%b4%d0%bd%d0%b8%d0%ba-%d0%bf%d0%b5%d1%81%d0%bd%d0%b8\/%d1%83%d1%87%d0%b0%d1%81%d1%82%d0%bd%d0%b8%d0%ba\/laulupeo-repertuaar\/%d1%85%d0%be%d1%80-%d0%bc%d0%b0%d0%bb%d1%8c%d1%87%d0%b8%d0%ba%d0%be%d0%b2\/#breadcrumb\"},\"inLanguage\":\"ru-RU\",\"potentialAction\":[{\"@type\":\"ReadAction\",\"target\":[\"https:\/\/2019.laulupidu.ee\/ru\/%d0%bf%d1%80%d0%b0%d0%b7%d0%b4%d0%bd%d0%b8%d0%ba-%d0%bf%d0%b5%d1%81%d0%bd%d0%b8\/%d1%83%d1%87%d0%b0%d1%81%d1%82%d0%bd%d0%b8%d0%ba\/laulupeo-repertuaar\/%d1%85%d0%be%d1%80-%d0%bc%d0%b0%d0%bb%d1%8c%d1%87%d0%b8%d0%ba%d0%be%d0%b2\/\"]}]},{\"@type\":\"BreadcrumbList\",\"@id\":\"https:\/\/2019.laulupidu.ee\/ru\/%d0%bf%d1%80%d0%b0%d0%b7%d0%b4%d0%bd%d0%b8%d0%ba-%d0%bf%d0%b5%d1%81%d0%bd%d0%b8\/%d1%83%d1%87%d0%b0%d1%81%d1%82%d0%bd%d0%b8%d0%ba\/laulupeo-repertuaar\/%d1%85%d0%be%d1%80-%d0%bc%d0%b0%d0%bb%d1%8c%d1%87%d0%b8%d0%ba%d0%be%d0%b2\/#breadcrumb\",\"itemListElement\":[{\"@type\":\"ListItem\",\"position\":1,\"name\":\"Home\",\"item\":\"https:\/\/2019.laulupidu.ee\/ru\/\"},{\"@type\":\"ListItem\",\"position\":2,\"name\":\"\u041f\u0440\u0430\u0437\u0434\u043d\u0438\u043a \u043f\u0435\u0441\u043d\u0438\",\"item\":\"https:\/\/2019.laulupidu.ee\/ru\/%d0%bf%d1%80%d0%b0%d0%b7%d0%b4%d0%bd%d0%b8%d0%ba-%d0%bf%d0%b5%d1%81%d0%bd%d0%b8\/\"},{\"@type\":\"ListItem\",\"position\":3,\"name\":\"\u0423\u0447\u0430\u0441\u0442\u043d\u0438\u043a\",\"item\":\"https:\/\/2019.laulupidu.ee\/ru\/%d0%bf%d1%80%d0%b0%d0%b7%d0%b4%d0%bd%d0%b8%d0%ba-%d0%bf%d0%b5%d1%81%d0%bd%d0%b8\/%d1%83%d1%87%d0%b0%d1%81%d1%82%d0%bd%d0%b8%d0%ba\/\"},{\"@type\":\"ListItem\",\"position\":4,\"name\":\"\u0420\u0435\u043f\u0435\u0440\u0442\u0443\u0430\u0440\",\"item\":\"https:\/\/2019.laulupidu.ee\/ru\/%d0%bf%d1%80%d0%b0%d0%b7%d0%b4%d0%bd%d0%b8%d0%ba-%d0%bf%d0%b5%d1%81%d0%bd%d0%b8\/%d1%83%d1%87%d0%b0%d1%81%d1%82%d0%bd%d0%b8%d0%ba\/laulupeo-repertuaar\/\"},{\"@type\":\"ListItem\",\"position\":5,\"name\":\"\u0425\u043e\u0440 \u043c\u0430\u043b\u044c\u0447\u0438\u043a\u043e\u0432\"}]},{\"@type\":\"WebSite\",\"@id\":\"https:\/\/2019.laulupidu.ee\/ru\/#website\",\"url\":\"https:\/\/2019.laulupidu.ee\/ru\/\",\"name\":\"Laulupidu 2019\",\"description\":\"\u041c\u043e\u0451 \u043e\u0442\u0435\u0447\u0435\u0441\u0442\u0432\u043e \u2013 \u043c\u043e\u044f \u043b\u044e\u0431\u043e\u0432\u044c\",\"potentialAction\":[{\"@type\":\"SearchAction\",\"target\":{\"@type\":\"EntryPoint\",\"urlTemplate\":\"https:\/\/2019.laulupidu.ee\/ru\/?s={search_term_string}\"},\"query-input\":{\"@type\":\"PropertyValueSpecification\",\"valueRequired\":true,\"valueName\":\"search_term_string\"}}],\"inLanguage\":\"ru-RU\"}]}<\/script>\n<!-- \/ Yoast SEO plugin. -->","yoast_head_json":{"title":"\u0425\u043e\u0440 \u043c\u0430\u043b\u044c\u0447\u0438\u043a\u043e\u0432 - Laulupidu 2019","robots":{"index":"index","follow":"follow","max-snippet":"max-snippet:-1","max-image-preview":"max-image-preview:large","max-video-preview":"max-video-preview:-1"},"canonical":"https:\/\/2019.laulupidu.ee\/ru\/%d0%bf%d1%80%d0%b0%d0%b7%d0%b4%d0%bd%d0%b8%d0%ba-%d0%bf%d0%b5%d1%81%d0%bd%d0%b8\/%d1%83%d1%87%d0%b0%d1%81%d1%82%d0%bd%d0%b8%d0%ba\/laulupeo-repertuaar\/%d1%85%d0%be%d1%80-%d0%bc%d0%b0%d0%bb%d1%8c%d1%87%d0%b8%d0%ba%d0%be%d0%b2\/","og_locale":"ru_RU","og_type":"article","og_title":"\u0425\u043e\u0440 \u043c\u0430\u043b\u044c\u0447\u0438\u043a\u043e\u0432 - Laulupidu 2019","og_description":"Head poistekooride lauljad! Hoidkem v\u00e4\u00e4rtusi mida meile on jagatud ja hoidkem inimesi! Neis lauludes on igas \u00fches peidus oma v\u00e4\u00e4rtus...","og_url":"https:\/\/2019.laulupidu.ee\/ru\/%d0%bf%d1%80%d0%b0%d0%b7%d0%b4%d0%bd%d0%b8%d0%ba-%d0%bf%d0%b5%d1%81%d0%bd%d0%b8\/%d1%83%d1%87%d0%b0%d1%81%d1%82%d0%bd%d0%b8%d0%ba\/laulupeo-repertuaar\/%d1%85%d0%be%d1%80-%d0%bc%d0%b0%d0%bb%d1%8c%d1%87%d0%b8%d0%ba%d0%be%d0%b2\/","og_site_name":"Laulupidu 2019","article_modified_time":"2019-05-28T08:04:53+00:00","twitter_card":"summary_large_image","twitter_misc":{"\u041f\u0440\u0438\u043c\u0435\u0440\u043d\u043e\u0435 \u0432\u0440\u0435\u043c\u044f \u0434\u043b\u044f \u0447\u0442\u0435\u043d\u0438\u044f":"1 \u043c\u0438\u043d\u0443\u0442\u0430"},"schema":{"@context":"https:\/\/schema.org","@graph":[{"@type":"WebPage","@id":"https:\/\/2019.laulupidu.ee\/ru\/%d0%bf%d1%80%d0%b0%d0%b7%d0%b4%d0%bd%d0%b8%d0%ba-%d0%bf%d0%b5%d1%81%d0%bd%d0%b8\/%d1%83%d1%87%d0%b0%d1%81%d1%82%d0%bd%d0%b8%d0%ba\/laulupeo-repertuaar\/%d1%85%d0%be%d1%80-%d0%bc%d0%b0%d0%bb%d1%8c%d1%87%d0%b8%d0%ba%d0%be%d0%b2\/","url":"https:\/\/2019.laulupidu.ee\/ru\/%d0%bf%d1%80%d0%b0%d0%b7%d0%b4%d0%bd%d0%b8%d0%ba-%d0%bf%d0%b5%d1%81%d0%bd%d0%b8\/%d1%83%d1%87%d0%b0%d1%81%d1%82%d0%bd%d0%b8%d0%ba\/laulupeo-repertuaar\/%d1%85%d0%be%d1%80-%d0%bc%d0%b0%d0%bb%d1%8c%d1%87%d0%b8%d0%ba%d0%be%d0%b2\/","name":"\u0425\u043e\u0440 \u043c\u0430\u043b\u044c\u0447\u0438\u043a\u043e\u0432 - Laulupidu 2019","isPartOf":{"@id":"https:\/\/2019.laulupidu.ee\/ru\/#website"},"datePublished":"2018-05-25T10:02:49+00:00","dateModified":"2019-05-28T08:04:53+00:00","breadcrumb":{"@id":"https:\/\/2019.laulupidu.ee\/ru\/%d0%bf%d1%80%d0%b0%d0%b7%d0%b4%d0%bd%d0%b8%d0%ba-%d0%bf%d0%b5%d1%81%d0%bd%d0%b8\/%d1%83%d1%87%d0%b0%d1%81%d1%82%d0%bd%d0%b8%d0%ba\/laulupeo-repertuaar\/%d1%85%d0%be%d1%80-%d0%bc%d0%b0%d0%bb%d1%8c%d1%87%d0%b8%d0%ba%d0%be%d0%b2\/#breadcrumb"},"inLanguage":"ru-RU","potentialAction":[{"@type":"ReadAction","target":["https:\/\/2019.laulupidu.ee\/ru\/%d0%bf%d1%80%d0%b0%d0%b7%d0%b4%d0%bd%d0%b8%d0%ba-%d0%bf%d0%b5%d1%81%d0%bd%d0%b8\/%d1%83%d1%87%d0%b0%d1%81%d1%82%d0%bd%d0%b8%d0%ba\/laulupeo-repertuaar\/%d1%85%d0%be%d1%80-%d0%bc%d0%b0%d0%bb%d1%8c%d1%87%d0%b8%d0%ba%d0%be%d0%b2\/"]}]},{"@type":"BreadcrumbList","@id":"https:\/\/2019.laulupidu.ee\/ru\/%d0%bf%d1%80%d0%b0%d0%b7%d0%b4%d0%bd%d0%b8%d0%ba-%d0%bf%d0%b5%d1%81%d0%bd%d0%b8\/%d1%83%d1%87%d0%b0%d1%81%d1%82%d0%bd%d0%b8%d0%ba\/laulupeo-repertuaar\/%d1%85%d0%be%d1%80-%d0%bc%d0%b0%d0%bb%d1%8c%d1%87%d0%b8%d0%ba%d0%be%d0%b2\/#breadcrumb","itemListElement":[{"@type":"ListItem","position":1,"name":"Home","item":"https:\/\/2019.laulupidu.ee\/ru\/"},{"@type":"ListItem","position":2,"name":"\u041f\u0440\u0430\u0437\u0434\u043d\u0438\u043a \u043f\u0435\u0441\u043d\u0438","item":"https:\/\/2019.laulupidu.ee\/ru\/%d0%bf%d1%80%d0%b0%d0%b7%d0%b4%d0%bd%d0%b8%d0%ba-%d0%bf%d0%b5%d1%81%d0%bd%d0%b8\/"},{"@type":"ListItem","position":3,"name":"\u0423\u0447\u0430\u0441\u0442\u043d\u0438\u043a","item":"https:\/\/2019.laulupidu.ee\/ru\/%d0%bf%d1%80%d0%b0%d0%b7%d0%b4%d0%bd%d0%b8%d0%ba-%d0%bf%d0%b5%d1%81%d0%bd%d0%b8\/%d1%83%d1%87%d0%b0%d1%81%d1%82%d0%bd%d0%b8%d0%ba\/"},{"@type":"ListItem","position":4,"name":"\u0420\u0435\u043f\u0435\u0440\u0442\u0443\u0430\u0440","item":"https:\/\/2019.laulupidu.ee\/ru\/%d0%bf%d1%80%d0%b0%d0%b7%d0%b4%d0%bd%d0%b8%d0%ba-%d0%bf%d0%b5%d1%81%d0%bd%d0%b8\/%d1%83%d1%87%d0%b0%d1%81%d1%82%d0%bd%d0%b8%d0%ba\/laulupeo-repertuaar\/"},{"@type":"ListItem","position":5,"name":"\u0425\u043e\u0440 \u043c\u0430\u043b\u044c\u0447\u0438\u043a\u043e\u0432"}]},{"@type":"WebSite","@id":"https:\/\/2019.laulupidu.ee\/ru\/#website","url":"https:\/\/2019.laulupidu.ee\/ru\/","name":"Laulupidu 2019","description":"\u041c\u043e\u0451 \u043e\u0442\u0435\u0447\u0435\u0441\u0442\u0432\u043e \u2013 \u043c\u043e\u044f \u043b\u044e\u0431\u043e\u0432\u044c","potentialAction":[{"@type":"SearchAction","target":{"@type":"EntryPoint","urlTemplate":"https:\/\/2019.laulupidu.ee\/ru\/?s={search_term_string}"},"query-input":{"@type":"PropertyValueSpecification","valueRequired":true,"valueName":"search_term_string"}}],"inLanguage":"ru-RU"}]}},"_links":{"self":[{"href":"https:\/\/2019.laulupidu.ee\/ru\/wp-json\/wp\/v2\/pages\/36551","targetHints":{"allow":["GET"]}}],"collection":[{"href":"https:\/\/2019.laulupidu.ee\/ru\/wp-json\/wp\/v2\/pages"}],"about":[{"href":"https:\/\/2019.laulupidu.ee\/ru\/wp-json\/wp\/v2\/types\/page"}],"author":[{"embeddable":true,"href":"https:\/\/2019.laulupidu.ee\/ru\/wp-json\/wp\/v2\/users\/9"}],"replies":[{"embeddable":true,"href":"https:\/\/2019.laulupidu.ee\/ru\/wp-json\/wp\/v2\/comments?post=36551"}],"version-history":[{"count":1,"href":"https:\/\/2019.laulupidu.ee\/ru\/wp-json\/wp\/v2\/pages\/36551\/revisions"}],"predecessor-version":[{"id":36559,"href":"https:\/\/2019.laulupidu.ee\/ru\/wp-json\/wp\/v2\/pages\/36551\/revisions\/36559"}],"up":[{"embeddable":true,"href":"https:\/\/2019.laulupidu.ee\/ru\/wp-json\/wp\/v2\/pages\/30591"}],"wp:attachment":[{"href":"https:\/\/2019.laulupidu.ee\/ru\/wp-json\/wp\/v2\/media?parent=36551"}],"curies":[{"name":"wp","href":"https:\/\/api.w.org\/{rel}","templated":true}]}}