{"id":36552,"date":"2018-05-25T13:03:30","date_gmt":"2018-05-25T10:03:30","guid":{"rendered":"https:\/\/2019.laulupidu.ee\/%d0%bf%d1%80%d0%b0%d0%b7%d0%b4%d0%bd%d0%b8%d0%ba-%d0%bf%d0%b5%d1%81%d0%bd%d0%b8\/%d1%83%d1%87%d0%b0%d1%81%d1%82%d0%bd%d0%b8%d0%ba\/laulupeo-repertuaar\/meeskoor\/"},"modified":"2019-05-28T11:05:03","modified_gmt":"2019-05-28T08:05:03","slug":"%d0%bc%d1%83%d0%b6%d1%81%d0%ba%d0%be%d0%b9-%d1%85%d0%be%d1%80","status":"publish","type":"page","link":"https:\/\/2019.laulupidu.ee\/ru\/%d0%bf%d1%80%d0%b0%d0%b7%d0%b4%d0%bd%d0%b8%d0%ba-%d0%bf%d0%b5%d1%81%d0%bd%d0%b8\/%d1%83%d1%87%d0%b0%d1%81%d1%82%d0%bd%d0%b8%d0%ba\/laulupeo-repertuaar\/%d0%bc%d1%83%d0%b6%d1%81%d0%ba%d0%be%d0%b9-%d1%85%d0%be%d1%80\/","title":{"rendered":"\u041c\u0443\u0436\u0441\u043a\u043e\u0439 \u0445\u043e\u0440"},"content":{"rendered":"<p>Kui v\u00f5rrelda meeskoori laulupeorepertuaari pidus\u00f6\u00f6giga, siis n\u00e4eb pakutav men\u00fc\u00fc v\u00e4lja j\u00e4rgmine.<br \/>\nAlguses on piduk\u00f5ne: Gustav Ernesaksa &#171;Kes selle tamme istutas&#187;, millele j\u00e4rgnevad kaks eelrooga koos poistekooridega: Andres Lemba &#171;Vanaisa&#187; ning Kadri Hundi &#171;Mere kutse&#187;. Need ajavad k\u00fcll isu peale!<br \/>\nKuna n\u00fc\u00fcd kisub asi t\u00f5siseks, siis saadetakse lapsed teise tuppa m\u00e4ngima.<br \/>\nPearoogasid on men\u00fc\u00fcs kaks. K\u00f5igepealt Riho Esko Maimetsa &#171;Mu arm&#187;, kus domineerivad traditsioonilised puhtad eestimaised maitsed, kompositsiooniks s\u00e4titud \u00fchtpidi tuttaval, kuid teistpidi siiski nii uudsel viisil. Tubli t\u00fckk l\u00e4bi n\u00e4rida ja \u00e4ra seedida.<br \/>\nTeist pearooga, T\u00f5nis Kaumanni &#171;\u00c4rategemise laulu&#187;, valmistades oli peakokk kahtlemata lennukas meeleolus. Ta lisas \u00fche k\u00e4ega nalja ja teise k\u00e4ega huumorit ning puistas sekka &#8212; ohhoo!- omajagu eneseirooniatki.<br \/>\nTulemus on uus ja v\u00e4rske.<br \/>\nMagustoiduks on meil Uno Loobi &#171;Isad ja pojad&#187;.<\/p>\n<p>Head isu!<\/p>\n<p>Mikk \u00dcleoja<\/p>\n<hr \/>\n<p>Gustav Ernesaks, <strong>Kes selle tamme istutas?<\/strong><br \/>\ntakt 50 \u2013 bass laulab nooti f, mitte g<\/p>\n<p>Tauno Aints, <strong>\u00dcksi pole keegi<\/strong><br \/>\nMuutunud on laulu vorm. Alates 33. taktist lauldakse viimased kuus takti <u>koos kordusega<\/u> kaks korda l\u00e4bi.<br \/>\ntakt 19 \u2013 hakkavad laulma j\u00e4rellauljad.<\/p>\n<p>Karl August Hermann,\u00a0<strong>Kungla rahvas<\/strong><br \/>\nMuutunud on helistik \u2013 uus helistik on C-duur.<br \/>\nMuutunud on laulu vorm. Laul algab 8-taktilise eelm\u00e4nguga, salmide vahel on 2-taktiline vahem\u00e4ng.<\/p>\n<hr \/>\n<p>05.11.18 lisatud &#171;\u00c4rategemise laul&#187; h\u00e4\u00e4lepartiid \u00f5ppimimiseks.<br \/>\n29.11.18 lisatud &#171;\u00c4rategemise laul&#187; \u00f5ppevideo 4. novembril toimunud meeskooride seminarist.<br \/>\n04.01.19 lisatud laulude &#171;Koit&#187; ja &#171;Mu isamaa on minu arm&#187; t\u00f6\u00f6lehed.<br \/>\n09.01.19 lisatud uus &#171;Kuulajale&#187; t\u00f6\u00f6leht, kuna loo dirigent muutus.<br \/>\n02.04.19 lisatud muudatustega &#171;Ta lendab mesipuu poole&#187; t\u00f6\u00f6leht. Palume kohanduda &#171;Ta lendab mesipuu poole&#187; peol juhatava dirigendi, Vaike Uibopuu soovidele. (NB! ettelaulmisel v\u00f5ib laulda sisse\u00f5pitud n\u00f5uete j\u00e4rgi).<br \/>\n04.04.19 lisatud UUS muudatustega &#171;Ta lendab mesipuu poole&#187; t\u00f6\u00f6leht. Palume kohanduda &#171;Ta lendab mesipuu poole&#187; peol juhatava dirigendi, Vaike Uibopuu soovidele. (NB! ettelaulmisel v\u00f5ib laulda sisse\u00f5pitud n\u00f5uete j\u00e4rgi).<\/p>\n","protected":false},"excerpt":{"rendered":"<p>Kui v\u00f5rrelda meeskoori laulupeorepertuaari pidus\u00f6\u00f6giga, siis n\u00e4eb pakutav men\u00fc\u00fc v\u00e4lja j\u00e4rgmine. Alguses on piduk\u00f5ne: Gustav Ernesaksa &#171;Kes selle tamme istutas&#187;,&#8230;<\/p>\n","protected":false},"author":9,"featured_media":0,"parent":30591,"menu_order":40,"comment_status":"closed","ping_status":"closed","template":"page-templates\/tpl-repertory.php","meta":{"footnotes":"","_links_to":"","_links_to_target":""},"class_list":["post-36552","page","type-page","status-publish","hentry"],"yoast_head":"<!-- This site is optimized with the Yoast SEO plugin v25.9 - https:\/\/yoast.com\/wordpress\/plugins\/seo\/ -->\n<title>\u041c\u0443\u0436\u0441\u043a\u043e\u0439 \u0445\u043e\u0440 - Laulupidu 2019<\/title>\n<meta name=\"robots\" content=\"index, follow, max-snippet:-1, max-image-preview:large, max-video-preview:-1\" \/>\n<link rel=\"canonical\" href=\"https:\/\/2019.laulupidu.ee\/ru\/%d0%bf%d1%80%d0%b0%d0%b7%d0%b4%d0%bd%d0%b8%d0%ba-%d0%bf%d0%b5%d1%81%d0%bd%d0%b8\/%d1%83%d1%87%d0%b0%d1%81%d1%82%d0%bd%d0%b8%d0%ba\/laulupeo-repertuaar\/%d0%bc%d1%83%d0%b6%d1%81%d0%ba%d0%be%d0%b9-%d1%85%d0%be%d1%80\/\" \/>\n<meta property=\"og:locale\" content=\"ru_RU\" \/>\n<meta property=\"og:type\" content=\"article\" \/>\n<meta property=\"og:title\" content=\"\u041c\u0443\u0436\u0441\u043a\u043e\u0439 \u0445\u043e\u0440 - Laulupidu 2019\" \/>\n<meta property=\"og:description\" content=\"Kui v\u00f5rrelda meeskoori laulupeorepertuaari pidus\u00f6\u00f6giga, siis n\u00e4eb pakutav men\u00fc\u00fc v\u00e4lja j\u00e4rgmine. Alguses on piduk\u00f5ne: Gustav Ernesaksa &#171;Kes selle tamme istutas&#187;,...\" \/>\n<meta property=\"og:url\" content=\"https:\/\/2019.laulupidu.ee\/ru\/%d0%bf%d1%80%d0%b0%d0%b7%d0%b4%d0%bd%d0%b8%d0%ba-%d0%bf%d0%b5%d1%81%d0%bd%d0%b8\/%d1%83%d1%87%d0%b0%d1%81%d1%82%d0%bd%d0%b8%d0%ba\/laulupeo-repertuaar\/%d0%bc%d1%83%d0%b6%d1%81%d0%ba%d0%be%d0%b9-%d1%85%d0%be%d1%80\/\" \/>\n<meta property=\"og:site_name\" content=\"Laulupidu 2019\" \/>\n<meta property=\"article:modified_time\" content=\"2019-05-28T08:05:03+00:00\" \/>\n<meta name=\"twitter:card\" content=\"summary_large_image\" \/>\n<meta name=\"twitter:label1\" content=\"\u041f\u0440\u0438\u043c\u0435\u0440\u043d\u043e\u0435 \u0432\u0440\u0435\u043c\u044f \u0434\u043b\u044f \u0447\u0442\u0435\u043d\u0438\u044f\" \/>\n\t<meta name=\"twitter:data1\" content=\"2 \u043c\u0438\u043d\u0443\u0442\u044b\" \/>\n<script type=\"application\/ld+json\" class=\"yoast-schema-graph\">{\"@context\":\"https:\/\/schema.org\",\"@graph\":[{\"@type\":\"WebPage\",\"@id\":\"https:\/\/2019.laulupidu.ee\/ru\/%d0%bf%d1%80%d0%b0%d0%b7%d0%b4%d0%bd%d0%b8%d0%ba-%d0%bf%d0%b5%d1%81%d0%bd%d0%b8\/%d1%83%d1%87%d0%b0%d1%81%d1%82%d0%bd%d0%b8%d0%ba\/laulupeo-repertuaar\/%d0%bc%d1%83%d0%b6%d1%81%d0%ba%d0%be%d0%b9-%d1%85%d0%be%d1%80\/\",\"url\":\"https:\/\/2019.laulupidu.ee\/ru\/%d0%bf%d1%80%d0%b0%d0%b7%d0%b4%d0%bd%d0%b8%d0%ba-%d0%bf%d0%b5%d1%81%d0%bd%d0%b8\/%d1%83%d1%87%d0%b0%d1%81%d1%82%d0%bd%d0%b8%d0%ba\/laulupeo-repertuaar\/%d0%bc%d1%83%d0%b6%d1%81%d0%ba%d0%be%d0%b9-%d1%85%d0%be%d1%80\/\",\"name\":\"\u041c\u0443\u0436\u0441\u043a\u043e\u0439 \u0445\u043e\u0440 - Laulupidu 2019\",\"isPartOf\":{\"@id\":\"https:\/\/2019.laulupidu.ee\/ru\/#website\"},\"datePublished\":\"2018-05-25T10:03:30+00:00\",\"dateModified\":\"2019-05-28T08:05:03+00:00\",\"breadcrumb\":{\"@id\":\"https:\/\/2019.laulupidu.ee\/ru\/%d0%bf%d1%80%d0%b0%d0%b7%d0%b4%d0%bd%d0%b8%d0%ba-%d0%bf%d0%b5%d1%81%d0%bd%d0%b8\/%d1%83%d1%87%d0%b0%d1%81%d1%82%d0%bd%d0%b8%d0%ba\/laulupeo-repertuaar\/%d0%bc%d1%83%d0%b6%d1%81%d0%ba%d0%be%d0%b9-%d1%85%d0%be%d1%80\/#breadcrumb\"},\"inLanguage\":\"ru-RU\",\"potentialAction\":[{\"@type\":\"ReadAction\",\"target\":[\"https:\/\/2019.laulupidu.ee\/ru\/%d0%bf%d1%80%d0%b0%d0%b7%d0%b4%d0%bd%d0%b8%d0%ba-%d0%bf%d0%b5%d1%81%d0%bd%d0%b8\/%d1%83%d1%87%d0%b0%d1%81%d1%82%d0%bd%d0%b8%d0%ba\/laulupeo-repertuaar\/%d0%bc%d1%83%d0%b6%d1%81%d0%ba%d0%be%d0%b9-%d1%85%d0%be%d1%80\/\"]}]},{\"@type\":\"BreadcrumbList\",\"@id\":\"https:\/\/2019.laulupidu.ee\/ru\/%d0%bf%d1%80%d0%b0%d0%b7%d0%b4%d0%bd%d0%b8%d0%ba-%d0%bf%d0%b5%d1%81%d0%bd%d0%b8\/%d1%83%d1%87%d0%b0%d1%81%d1%82%d0%bd%d0%b8%d0%ba\/laulupeo-repertuaar\/%d0%bc%d1%83%d0%b6%d1%81%d0%ba%d0%be%d0%b9-%d1%85%d0%be%d1%80\/#breadcrumb\",\"itemListElement\":[{\"@type\":\"ListItem\",\"position\":1,\"name\":\"Home\",\"item\":\"https:\/\/2019.laulupidu.ee\/ru\/\"},{\"@type\":\"ListItem\",\"position\":2,\"name\":\"\u041f\u0440\u0430\u0437\u0434\u043d\u0438\u043a \u043f\u0435\u0441\u043d\u0438\",\"item\":\"https:\/\/2019.laulupidu.ee\/ru\/%d0%bf%d1%80%d0%b0%d0%b7%d0%b4%d0%bd%d0%b8%d0%ba-%d0%bf%d0%b5%d1%81%d0%bd%d0%b8\/\"},{\"@type\":\"ListItem\",\"position\":3,\"name\":\"\u0423\u0447\u0430\u0441\u0442\u043d\u0438\u043a\",\"item\":\"https:\/\/2019.laulupidu.ee\/ru\/%d0%bf%d1%80%d0%b0%d0%b7%d0%b4%d0%bd%d0%b8%d0%ba-%d0%bf%d0%b5%d1%81%d0%bd%d0%b8\/%d1%83%d1%87%d0%b0%d1%81%d1%82%d0%bd%d0%b8%d0%ba\/\"},{\"@type\":\"ListItem\",\"position\":4,\"name\":\"\u0420\u0435\u043f\u0435\u0440\u0442\u0443\u0430\u0440\",\"item\":\"https:\/\/2019.laulupidu.ee\/ru\/%d0%bf%d1%80%d0%b0%d0%b7%d0%b4%d0%bd%d0%b8%d0%ba-%d0%bf%d0%b5%d1%81%d0%bd%d0%b8\/%d1%83%d1%87%d0%b0%d1%81%d1%82%d0%bd%d0%b8%d0%ba\/laulupeo-repertuaar\/\"},{\"@type\":\"ListItem\",\"position\":5,\"name\":\"\u041c\u0443\u0436\u0441\u043a\u043e\u0439 \u0445\u043e\u0440\"}]},{\"@type\":\"WebSite\",\"@id\":\"https:\/\/2019.laulupidu.ee\/ru\/#website\",\"url\":\"https:\/\/2019.laulupidu.ee\/ru\/\",\"name\":\"Laulupidu 2019\",\"description\":\"\u041c\u043e\u0451 \u043e\u0442\u0435\u0447\u0435\u0441\u0442\u0432\u043e \u2013 \u043c\u043e\u044f \u043b\u044e\u0431\u043e\u0432\u044c\",\"potentialAction\":[{\"@type\":\"SearchAction\",\"target\":{\"@type\":\"EntryPoint\",\"urlTemplate\":\"https:\/\/2019.laulupidu.ee\/ru\/?s={search_term_string}\"},\"query-input\":{\"@type\":\"PropertyValueSpecification\",\"valueRequired\":true,\"valueName\":\"search_term_string\"}}],\"inLanguage\":\"ru-RU\"}]}<\/script>\n<!-- \/ Yoast SEO plugin. -->","yoast_head_json":{"title":"\u041c\u0443\u0436\u0441\u043a\u043e\u0439 \u0445\u043e\u0440 - Laulupidu 2019","robots":{"index":"index","follow":"follow","max-snippet":"max-snippet:-1","max-image-preview":"max-image-preview:large","max-video-preview":"max-video-preview:-1"},"canonical":"https:\/\/2019.laulupidu.ee\/ru\/%d0%bf%d1%80%d0%b0%d0%b7%d0%b4%d0%bd%d0%b8%d0%ba-%d0%bf%d0%b5%d1%81%d0%bd%d0%b8\/%d1%83%d1%87%d0%b0%d1%81%d1%82%d0%bd%d0%b8%d0%ba\/laulupeo-repertuaar\/%d0%bc%d1%83%d0%b6%d1%81%d0%ba%d0%be%d0%b9-%d1%85%d0%be%d1%80\/","og_locale":"ru_RU","og_type":"article","og_title":"\u041c\u0443\u0436\u0441\u043a\u043e\u0439 \u0445\u043e\u0440 - Laulupidu 2019","og_description":"Kui v\u00f5rrelda meeskoori laulupeorepertuaari pidus\u00f6\u00f6giga, siis n\u00e4eb pakutav men\u00fc\u00fc v\u00e4lja j\u00e4rgmine. Alguses on piduk\u00f5ne: Gustav Ernesaksa &#171;Kes selle tamme istutas&#187;,...","og_url":"https:\/\/2019.laulupidu.ee\/ru\/%d0%bf%d1%80%d0%b0%d0%b7%d0%b4%d0%bd%d0%b8%d0%ba-%d0%bf%d0%b5%d1%81%d0%bd%d0%b8\/%d1%83%d1%87%d0%b0%d1%81%d1%82%d0%bd%d0%b8%d0%ba\/laulupeo-repertuaar\/%d0%bc%d1%83%d0%b6%d1%81%d0%ba%d0%be%d0%b9-%d1%85%d0%be%d1%80\/","og_site_name":"Laulupidu 2019","article_modified_time":"2019-05-28T08:05:03+00:00","twitter_card":"summary_large_image","twitter_misc":{"\u041f\u0440\u0438\u043c\u0435\u0440\u043d\u043e\u0435 \u0432\u0440\u0435\u043c\u044f \u0434\u043b\u044f \u0447\u0442\u0435\u043d\u0438\u044f":"2 \u043c\u0438\u043d\u0443\u0442\u044b"},"schema":{"@context":"https:\/\/schema.org","@graph":[{"@type":"WebPage","@id":"https:\/\/2019.laulupidu.ee\/ru\/%d0%bf%d1%80%d0%b0%d0%b7%d0%b4%d0%bd%d0%b8%d0%ba-%d0%bf%d0%b5%d1%81%d0%bd%d0%b8\/%d1%83%d1%87%d0%b0%d1%81%d1%82%d0%bd%d0%b8%d0%ba\/laulupeo-repertuaar\/%d0%bc%d1%83%d0%b6%d1%81%d0%ba%d0%be%d0%b9-%d1%85%d0%be%d1%80\/","url":"https:\/\/2019.laulupidu.ee\/ru\/%d0%bf%d1%80%d0%b0%d0%b7%d0%b4%d0%bd%d0%b8%d0%ba-%d0%bf%d0%b5%d1%81%d0%bd%d0%b8\/%d1%83%d1%87%d0%b0%d1%81%d1%82%d0%bd%d0%b8%d0%ba\/laulupeo-repertuaar\/%d0%bc%d1%83%d0%b6%d1%81%d0%ba%d0%be%d0%b9-%d1%85%d0%be%d1%80\/","name":"\u041c\u0443\u0436\u0441\u043a\u043e\u0439 \u0445\u043e\u0440 - Laulupidu 2019","isPartOf":{"@id":"https:\/\/2019.laulupidu.ee\/ru\/#website"},"datePublished":"2018-05-25T10:03:30+00:00","dateModified":"2019-05-28T08:05:03+00:00","breadcrumb":{"@id":"https:\/\/2019.laulupidu.ee\/ru\/%d0%bf%d1%80%d0%b0%d0%b7%d0%b4%d0%bd%d0%b8%d0%ba-%d0%bf%d0%b5%d1%81%d0%bd%d0%b8\/%d1%83%d1%87%d0%b0%d1%81%d1%82%d0%bd%d0%b8%d0%ba\/laulupeo-repertuaar\/%d0%bc%d1%83%d0%b6%d1%81%d0%ba%d0%be%d0%b9-%d1%85%d0%be%d1%80\/#breadcrumb"},"inLanguage":"ru-RU","potentialAction":[{"@type":"ReadAction","target":["https:\/\/2019.laulupidu.ee\/ru\/%d0%bf%d1%80%d0%b0%d0%b7%d0%b4%d0%bd%d0%b8%d0%ba-%d0%bf%d0%b5%d1%81%d0%bd%d0%b8\/%d1%83%d1%87%d0%b0%d1%81%d1%82%d0%bd%d0%b8%d0%ba\/laulupeo-repertuaar\/%d0%bc%d1%83%d0%b6%d1%81%d0%ba%d0%be%d0%b9-%d1%85%d0%be%d1%80\/"]}]},{"@type":"BreadcrumbList","@id":"https:\/\/2019.laulupidu.ee\/ru\/%d0%bf%d1%80%d0%b0%d0%b7%d0%b4%d0%bd%d0%b8%d0%ba-%d0%bf%d0%b5%d1%81%d0%bd%d0%b8\/%d1%83%d1%87%d0%b0%d1%81%d1%82%d0%bd%d0%b8%d0%ba\/laulupeo-repertuaar\/%d0%bc%d1%83%d0%b6%d1%81%d0%ba%d0%be%d0%b9-%d1%85%d0%be%d1%80\/#breadcrumb","itemListElement":[{"@type":"ListItem","position":1,"name":"Home","item":"https:\/\/2019.laulupidu.ee\/ru\/"},{"@type":"ListItem","position":2,"name":"\u041f\u0440\u0430\u0437\u0434\u043d\u0438\u043a \u043f\u0435\u0441\u043d\u0438","item":"https:\/\/2019.laulupidu.ee\/ru\/%d0%bf%d1%80%d0%b0%d0%b7%d0%b4%d0%bd%d0%b8%d0%ba-%d0%bf%d0%b5%d1%81%d0%bd%d0%b8\/"},{"@type":"ListItem","position":3,"name":"\u0423\u0447\u0430\u0441\u0442\u043d\u0438\u043a","item":"https:\/\/2019.laulupidu.ee\/ru\/%d0%bf%d1%80%d0%b0%d0%b7%d0%b4%d0%bd%d0%b8%d0%ba-%d0%bf%d0%b5%d1%81%d0%bd%d0%b8\/%d1%83%d1%87%d0%b0%d1%81%d1%82%d0%bd%d0%b8%d0%ba\/"},{"@type":"ListItem","position":4,"name":"\u0420\u0435\u043f\u0435\u0440\u0442\u0443\u0430\u0440","item":"https:\/\/2019.laulupidu.ee\/ru\/%d0%bf%d1%80%d0%b0%d0%b7%d0%b4%d0%bd%d0%b8%d0%ba-%d0%bf%d0%b5%d1%81%d0%bd%d0%b8\/%d1%83%d1%87%d0%b0%d1%81%d1%82%d0%bd%d0%b8%d0%ba\/laulupeo-repertuaar\/"},{"@type":"ListItem","position":5,"name":"\u041c\u0443\u0436\u0441\u043a\u043e\u0439 \u0445\u043e\u0440"}]},{"@type":"WebSite","@id":"https:\/\/2019.laulupidu.ee\/ru\/#website","url":"https:\/\/2019.laulupidu.ee\/ru\/","name":"Laulupidu 2019","description":"\u041c\u043e\u0451 \u043e\u0442\u0435\u0447\u0435\u0441\u0442\u0432\u043e \u2013 \u043c\u043e\u044f \u043b\u044e\u0431\u043e\u0432\u044c","potentialAction":[{"@type":"SearchAction","target":{"@type":"EntryPoint","urlTemplate":"https:\/\/2019.laulupidu.ee\/ru\/?s={search_term_string}"},"query-input":{"@type":"PropertyValueSpecification","valueRequired":true,"valueName":"search_term_string"}}],"inLanguage":"ru-RU"}]}},"_links":{"self":[{"href":"https:\/\/2019.laulupidu.ee\/ru\/wp-json\/wp\/v2\/pages\/36552","targetHints":{"allow":["GET"]}}],"collection":[{"href":"https:\/\/2019.laulupidu.ee\/ru\/wp-json\/wp\/v2\/pages"}],"about":[{"href":"https:\/\/2019.laulupidu.ee\/ru\/wp-json\/wp\/v2\/types\/page"}],"author":[{"embeddable":true,"href":"https:\/\/2019.laulupidu.ee\/ru\/wp-json\/wp\/v2\/users\/9"}],"replies":[{"embeddable":true,"href":"https:\/\/2019.laulupidu.ee\/ru\/wp-json\/wp\/v2\/comments?post=36552"}],"version-history":[{"count":1,"href":"https:\/\/2019.laulupidu.ee\/ru\/wp-json\/wp\/v2\/pages\/36552\/revisions"}],"predecessor-version":[{"id":36560,"href":"https:\/\/2019.laulupidu.ee\/ru\/wp-json\/wp\/v2\/pages\/36552\/revisions\/36560"}],"up":[{"embeddable":true,"href":"https:\/\/2019.laulupidu.ee\/ru\/wp-json\/wp\/v2\/pages\/30591"}],"wp:attachment":[{"href":"https:\/\/2019.laulupidu.ee\/ru\/wp-json\/wp\/v2\/media?parent=36552"}],"curies":[{"name":"wp","href":"https:\/\/api.w.org\/{rel}","templated":true}]}}