{"id":36555,"date":"2018-11-26T16:01:53","date_gmt":"2018-11-26T14:01:53","guid":{"rendered":"https:\/\/2019.laulupidu.ee\/%d0%bf%d1%80%d0%b0%d0%b7%d0%b4%d0%bd%d0%b8%d0%ba-%d0%bf%d0%b5%d1%81%d0%bd%d0%b8\/%d1%83%d1%87%d0%b0%d1%81%d1%82%d0%bd%d0%b8%d0%ba\/laulupeo-repertuaar\/valikkoor\/"},"modified":"2019-05-28T11:05:37","modified_gmt":"2019-05-28T08:05:37","slug":"%d0%be%d1%82%d0%b1%d0%be%d1%80%d0%bd%d1%8b%d0%b9-%d1%85%d0%be%d1%80","status":"publish","type":"page","link":"https:\/\/2019.laulupidu.ee\/ru\/%d0%bf%d1%80%d0%b0%d0%b7%d0%b4%d0%bd%d0%b8%d0%ba-%d0%bf%d0%b5%d1%81%d0%bd%d0%b8\/%d1%83%d1%87%d0%b0%d1%81%d1%82%d0%bd%d0%b8%d0%ba\/laulupeo-repertuaar\/%d0%be%d1%82%d0%b1%d0%be%d1%80%d0%bd%d1%8b%d0%b9-%d1%85%d0%be%d1%80\/","title":{"rendered":"\u041e\u0442\u0431\u043e\u0440\u043d\u044b\u0439 \u0445\u043e\u0440"},"content":{"rendered":"<p>Laulupeo avakontsert \u201e\u00d5petajale\u201d on t\u00e4nuavaldus k\u00f5ikidele eesti koolmeistritele. Kava on koostatud eesti heliloojate ja nende \u00f5petajate loodud muusikast. Ajaliselt raamistavad laulupeo esimesel p\u00e4eval k\u00f5lavaid teoseid J\u0101nis Cimze 1872. aastal ilmunud lugu \u201eR\u012bga dimd\u201d ja Tauno Aintsi 2017. aastal loodud laul \u201e\u00dcksi pole keegi\u201d. Vahele mahub muusikat Peterburi, Tartu, Moskva ja Tallinna k\u00f5rgkoolides studeerinutelt, Eestis ja kaugemal elanud komponistidelt. Iga\u00fcks neist loojatest on olnud kellegi \u00f5pilane ja enamasti ka ise kedagi \u00f5petanud. Lisaks sellele seob neist paljusid omavahel veel suur hulk meie jaoks n\u00e4htamatuid v\u00f5i lihtsalt teadmata seoseid, mis aga \u00fche v\u00f5i teise jaoks isiklikult on just oluliseks saanud.<\/p>\n<p><span class='tooltipsall tooltipsincontent classtoolTips33'>Peeter Perens<\/span>, Siim Selis<\/p>\n<hr \/>\n<p>Leht avaldatud 26.11.18<\/p>\n<p>Siia lehele on koondatud valikkooride repertuaari ja valikkoorIde ettevalmistust puudutav info. Kuna hetkel on p\u00f5hifookus liigirepertuaaril, siis ka siinne abimaterjalide hulk on veel v\u00e4hene. T\u00e4iendame lehte jooksvalt.<\/p>\n<p>09.01.19 lisatud &#171;Sa oled mu s\u00fcdame suvi&#187; t\u00f6\u00f6leht.<br \/>\n10.01.19 lisatud &#171;N\u00fc\u00fcd ole, Jeesus, kiidetud&#187; ja &#171;Sanctus&#187; t\u00f6\u00f6leht.<br \/>\n11.01.19 lisatud &#171;Kuldrannake&#187; t\u00f6\u00f6leht ja esituse video.<br \/>\n18.01.19 lisatud &#171;Kaunimad laulud&#187; t\u00f6\u00f6leht.<br \/>\n22.01.19 lisatud &#171;Laulis isa, laulis poega&#187; helifail, mis on abiks liivi keele h\u00e4\u00e4ldusel.<br \/>\n22.01.19 lisatud &#171;R\u012bga dimd&#187; t\u00f6\u00f6leht.<br \/>\n23.01.19 lisatud &#171;Kadettide koor&#187; helisalvestus.<br \/>\n01.02.19 lisatud &#171;Meie aed&#187; t\u00f6\u00f6leht.<br \/>\n06.02.19 lisatud &#171;Laulis isa, laulis poega&#187; t\u00f6\u00f6leht.<br \/>\n06.02.19 lisatud &#171;R\u012bga dimd&#187; videofail, mis on abiks l\u00e4ti keele h\u00e4\u00e4ldusel.<br \/>\n16.02.19 lisatud\u00a0&#171;R\u012bga dimd&#187; aldipartii parandus.<br \/>\n26.02.19 lisatud &#171;\u00dcks hetk&#187; t\u00f6\u00f6leht.<br \/>\n04.04.19 lisatud &#171;Me oleme p\u00f5hjamaa lapsed&#187; t\u00f6\u00f6leht.<br \/>\n04.04.19 lisatud &#171;Otsekui hirv&#187; noodiparandus.<br \/>\n16.04.19 lisatud t\u00e4psustus repertuaari kohta valikkooride II eelproovis<\/p>\n<hr \/>\n<h6>Nooditekst<\/h6>\n<p>Rudolf Tobias, <strong>Otsekui hirv<\/strong><br \/>\ntakt 26 \u2013 sopran, 2. l\u00f6\u00f6k &#8212; \u00f5ige noot on c (mitte d)<br \/>\ntakt 49 &#8212; alt, a-noodi asemel on as<br \/>\ntakt 80 &#8212; alt, viimane kaheksandik on d<br \/>\nVabandame!<\/p>\n<p>Tauno Aints,\u00a0<strong>\u00dcksi pole keegi<br \/>\n<\/strong>V\u00f5rreldes liigilaulikuga on valikkooride laulikusse ja klaviiri viidud sisse t\u00f6\u00f6 k\u00e4igus tekkinud muutused. Alates 33. taktist lauldakse viimased kuus takti\u00a0<u>koos kordusega<\/u>\u00a0kaks korda l\u00e4bi.<\/p>\n<p>Karl August Hermann, <strong>Kungla rahvas<br \/>\n<\/strong>V\u00f5rreldes liigilaulikuga on valikkooride laulikusse ja klaviiri viidud sisse t\u00f6\u00f6 k\u00e4igus tekkinud muutused. Muutunud on helistik \u2013 uus helistik on C-duur.<br \/>\nMuutunud on laulu vorm. Laul algab 8-taktilise eelm\u00e4nguga, salmide vahel on 2-taktiline vahem\u00e4ng.<\/p>\n<p>L\u00e4ti rahvalaul,\u00a0<strong>R\u012bga dimd<br \/>\n<\/strong>takt 2 &#8212; alt, 1. l\u00f6\u00f6k &#8212; \u00f5ige noot on fis (mitte e)<br \/>\nVabandame!<\/p>\n<p>Arvo P\u00e4rt, <strong>Meie aed<br \/>\n<\/strong>takt 64, 1. l\u00f6\u00f6k &#8212; \u00f5ige r\u00fctm on ti-ti<\/p>\n<h6>Eelproovid<\/h6>\n<ul>\n<li>valiklastekooridel on <strong>\u00fcks<\/strong> valikkoori proov ehk koos tavaproovidega kokku <strong>kolm eelproovi<\/strong>;<\/li>\n<li>valiknaiskooridel, valikmeeskooridel, valiksegakooridel on <strong>kaks<\/strong> valikkoori proovi ehk koos tavaproovidega kokku <strong>neli eelproovi<\/strong>.<\/li>\n<\/ul>\n<p>Kui repertuaar on h\u00e4sti omandatud ja valikkoori proov kulgeb ladusalt, siis ettelaulmist ei ole.<\/p>\n<h6>Valikkooride repertuaar on I ja II eelproovi vahel jagatud j\u00e4rgnevalt:<\/h6>\n<p><strong>Valiknaiskoor<\/strong><br \/>\nI eelproov: Ester M\u00e4gi &#171;\u00dcks hetk&#187;, T\u00f5nu K\u00f5rvits &#171;N\u00fc\u00fcd ole, Jeesus, kiidetud&#187;, Cyrillus Kreek &#171;Sanctus&#187;, Veljo Tormis &#171;Laulis isa, laulis poega&#187;, Tauno Aints &#171;\u00dcksi pole keegi&#187;<br \/>\nII eelproov: Eduard Tubin &#171;\u00d5itsiliste koor&#187;, Evald Aav &#171;Me oleme P\u00f5hjamaa lapsed&#187;, Friedrich August Saebelmann &#171;Kaunimad laulud&#187;, Karl August Hermann &#171;Kungla rahvas&#187;, Karl August Hermann, seade Raimo Kangro, Kristo Matson &#171;Puud ma laulan haljusesse&#187; ning\u00a0Ester M\u00e4gi &#171;\u00dcks hetk&#187;, T\u00f5nu K\u00f5rvits &#171;N\u00fc\u00fcd ole, Jeesus, kiidetud&#187;, Cyrillus Kreek &#171;Sanctus&#187;, Veljo Tormis &#171;Laulis isa, laulis poega&#187;, Tauno Aints &#171;\u00dcksi pole keegi&#187;<\/p>\n<p><strong>Valikmeeskoor<\/strong><br \/>\nI eelproov: Eino Tamberg &#171;Kadettide koor&#187;, Artur Kapp &#171;Sa oled mu s\u00fcdame suvi&#187;, Cyrillus Kreek &#171;Sanctus&#187;, Veljo Tormis &#171;Laulis isa, laulis poega&#187;, Tauno Aints &#171;\u00dcksi pole keegi&#187;<br \/>\nII eelproov: Aleksander L\u00e4te &#171;Kuldrannake&#187;, Evald Aav &#171;Me oleme P\u00f5hjamaa lapsed&#187;, Friedrich August Saebelmann &#171;Kaunimad laulud&#187;, Karl August Hermann &#171;Kungla rahvas&#187;, Karl August Hermann, seade Raimo Kangro, Kristo Matson &#171;Puud ma laulan haljusesse&#187; ning\u00a0\u00a0Eino Tamberg &#171;Kadettide koor&#187;, Artur Kapp &#171;Sa oled mu s\u00fcdame suvi&#187;, Cyrillus Kreek &#171;Sanctus&#187;, Veljo Tormis &#171;Laulis isa, laulis poega&#187;, Tauno Aints &#171;\u00dcksi pole keegi&#187;<\/p>\n<p><strong>Valiksegakoor<\/strong><br \/>\nI eelproov: Mart Saar &#171;Noore veljo, veerit\u00e4ge&#187;, Rudolf Tobias &#171;Otsekui hirv&#187;, Cyrillus Kreek &#171;Sanctus&#187;, Veljo Tormis &#171;Laulis isa, laulis poega&#187;, Tauno Aints &#171;\u00dcksi pole keegi&#187;<\/p>\n<p>II eelproov: L\u00e4ti rahvalaul, seade J\u0101nis Cimze &#171;R\u012bga dimd&#187;, Evald Aav &#171;Me oleme P\u00f5hjamaa lapsed&#187;, Friedrich August Saebelmann &#171;Kaunimad laulud&#187;, Karl August Hermann &#171;Kungla rahvas&#187;, Karl August Hermann, seade Raimo Kangro, Kristo Matson &#171;Puud ma laulan haljusesse&#187; ning\u00a0Mart Saar &#171;Noore veljo, veerit\u00e4ge&#187;, Rudolf Tobias &#171;Otsekui hirv&#187;, Cyrillus Kreek &#171;Sanctus&#187;, Veljo Tormis &#171;Laulis isa, laulis poega&#187;, Tauno Aints &#171;\u00dcksi pole keegi&#187;<\/p>\n<hr \/>\n<p>M\u00f5iste valik\u00fchendkoori all on m\u00f5eldud t\u00e4iskasvanute liike &#8212; valiknais-, valikmees- ja valiksegakoori.<\/p>\n<script type=\"text\/javascript\"> toolTips('.classtoolTips33','<figure id=\"attachment_34461\" aria-describedby=\"caption-attachment-34461\" style=\"width: 200px\" class=\"wp-caption alignleft\"><img class=\"wp-image-34461\" src=\"https:\/\/2019.laulupidu.ee\/wp-content\/uploads\/2019-peo-galeriid\/Portreepildid\/Riina-Varol\/Pildid\/Peeter_Perens_web_35A0396-EditX-390x585.jpg\" alt=\"\" width=\"200\" height=\"300\" \/><figcaption id=\"caption-attachment-34461\" class=\"wp-caption-text\">Laulupeo kunstiline juht <span class='tooltipsall tooltipsincontent classtoolTips33'>Peeter Perens<\/span><\/figcaption><\/figure>'); <\/script>","protected":false},"excerpt":{"rendered":"<p>Laulupeo avakontsert \u201e\u00d5petajale\u201d on t\u00e4nuavaldus k\u00f5ikidele eesti koolmeistritele. Kava on koostatud eesti heliloojate ja nende \u00f5petajate loodud muusikast. Ajaliselt raamistavad&#8230;<\/p>\n","protected":false},"author":9,"featured_media":0,"parent":30591,"menu_order":65,"comment_status":"closed","ping_status":"closed","template":"page-templates\/tpl-repertory.php","meta":{"footnotes":"","_links_to":"","_links_to_target":""},"class_list":["post-36555","page","type-page","status-publish","hentry"],"yoast_head":"<!-- This site is optimized with the Yoast SEO plugin v25.9 - https:\/\/yoast.com\/wordpress\/plugins\/seo\/ -->\n<title>\u041e\u0442\u0431\u043e\u0440\u043d\u044b\u0439 \u0445\u043e\u0440 - Laulupidu 2019<\/title>\n<meta name=\"robots\" content=\"index, follow, max-snippet:-1, max-image-preview:large, max-video-preview:-1\" \/>\n<link rel=\"canonical\" href=\"https:\/\/2019.laulupidu.ee\/ru\/%d0%bf%d1%80%d0%b0%d0%b7%d0%b4%d0%bd%d0%b8%d0%ba-%d0%bf%d0%b5%d1%81%d0%bd%d0%b8\/%d1%83%d1%87%d0%b0%d1%81%d1%82%d0%bd%d0%b8%d0%ba\/laulupeo-repertuaar\/%d0%be%d1%82%d0%b1%d0%be%d1%80%d0%bd%d1%8b%d0%b9-%d1%85%d0%be%d1%80\/\" \/>\n<meta property=\"og:locale\" content=\"ru_RU\" \/>\n<meta property=\"og:type\" content=\"article\" \/>\n<meta property=\"og:title\" content=\"\u041e\u0442\u0431\u043e\u0440\u043d\u044b\u0439 \u0445\u043e\u0440 - Laulupidu 2019\" \/>\n<meta property=\"og:description\" content=\"Laulupeo avakontsert \u201e\u00d5petajale\u201d on t\u00e4nuavaldus k\u00f5ikidele eesti koolmeistritele. Kava on koostatud eesti heliloojate ja nende \u00f5petajate loodud muusikast. Ajaliselt raamistavad...\" \/>\n<meta property=\"og:url\" content=\"https:\/\/2019.laulupidu.ee\/ru\/%d0%bf%d1%80%d0%b0%d0%b7%d0%b4%d0%bd%d0%b8%d0%ba-%d0%bf%d0%b5%d1%81%d0%bd%d0%b8\/%d1%83%d1%87%d0%b0%d1%81%d1%82%d0%bd%d0%b8%d0%ba\/laulupeo-repertuaar\/%d0%be%d1%82%d0%b1%d0%be%d1%80%d0%bd%d1%8b%d0%b9-%d1%85%d0%be%d1%80\/\" \/>\n<meta property=\"og:site_name\" content=\"Laulupidu 2019\" \/>\n<meta property=\"article:modified_time\" content=\"2019-05-28T08:05:37+00:00\" \/>\n<meta name=\"twitter:card\" content=\"summary_large_image\" \/>\n<meta name=\"twitter:label1\" content=\"\u041f\u0440\u0438\u043c\u0435\u0440\u043d\u043e\u0435 \u0432\u0440\u0435\u043c\u044f \u0434\u043b\u044f \u0447\u0442\u0435\u043d\u0438\u044f\" \/>\n\t<meta name=\"twitter:data1\" content=\"4 \u043c\u0438\u043d\u0443\u0442\u044b\" \/>\n<script type=\"application\/ld+json\" class=\"yoast-schema-graph\">{\"@context\":\"https:\/\/schema.org\",\"@graph\":[{\"@type\":\"WebPage\",\"@id\":\"https:\/\/2019.laulupidu.ee\/ru\/%d0%bf%d1%80%d0%b0%d0%b7%d0%b4%d0%bd%d0%b8%d0%ba-%d0%bf%d0%b5%d1%81%d0%bd%d0%b8\/%d1%83%d1%87%d0%b0%d1%81%d1%82%d0%bd%d0%b8%d0%ba\/laulupeo-repertuaar\/%d0%be%d1%82%d0%b1%d0%be%d1%80%d0%bd%d1%8b%d0%b9-%d1%85%d0%be%d1%80\/\",\"url\":\"https:\/\/2019.laulupidu.ee\/ru\/%d0%bf%d1%80%d0%b0%d0%b7%d0%b4%d0%bd%d0%b8%d0%ba-%d0%bf%d0%b5%d1%81%d0%bd%d0%b8\/%d1%83%d1%87%d0%b0%d1%81%d1%82%d0%bd%d0%b8%d0%ba\/laulupeo-repertuaar\/%d0%be%d1%82%d0%b1%d0%be%d1%80%d0%bd%d1%8b%d0%b9-%d1%85%d0%be%d1%80\/\",\"name\":\"\u041e\u0442\u0431\u043e\u0440\u043d\u044b\u0439 \u0445\u043e\u0440 - Laulupidu 2019\",\"isPartOf\":{\"@id\":\"https:\/\/2019.laulupidu.ee\/ru\/#website\"},\"datePublished\":\"2018-11-26T14:01:53+00:00\",\"dateModified\":\"2019-05-28T08:05:37+00:00\",\"breadcrumb\":{\"@id\":\"https:\/\/2019.laulupidu.ee\/ru\/%d0%bf%d1%80%d0%b0%d0%b7%d0%b4%d0%bd%d0%b8%d0%ba-%d0%bf%d0%b5%d1%81%d0%bd%d0%b8\/%d1%83%d1%87%d0%b0%d1%81%d1%82%d0%bd%d0%b8%d0%ba\/laulupeo-repertuaar\/%d0%be%d1%82%d0%b1%d0%be%d1%80%d0%bd%d1%8b%d0%b9-%d1%85%d0%be%d1%80\/#breadcrumb\"},\"inLanguage\":\"ru-RU\",\"potentialAction\":[{\"@type\":\"ReadAction\",\"target\":[\"https:\/\/2019.laulupidu.ee\/ru\/%d0%bf%d1%80%d0%b0%d0%b7%d0%b4%d0%bd%d0%b8%d0%ba-%d0%bf%d0%b5%d1%81%d0%bd%d0%b8\/%d1%83%d1%87%d0%b0%d1%81%d1%82%d0%bd%d0%b8%d0%ba\/laulupeo-repertuaar\/%d0%be%d1%82%d0%b1%d0%be%d1%80%d0%bd%d1%8b%d0%b9-%d1%85%d0%be%d1%80\/\"]}]},{\"@type\":\"BreadcrumbList\",\"@id\":\"https:\/\/2019.laulupidu.ee\/ru\/%d0%bf%d1%80%d0%b0%d0%b7%d0%b4%d0%bd%d0%b8%d0%ba-%d0%bf%d0%b5%d1%81%d0%bd%d0%b8\/%d1%83%d1%87%d0%b0%d1%81%d1%82%d0%bd%d0%b8%d0%ba\/laulupeo-repertuaar\/%d0%be%d1%82%d0%b1%d0%be%d1%80%d0%bd%d1%8b%d0%b9-%d1%85%d0%be%d1%80\/#breadcrumb\",\"itemListElement\":[{\"@type\":\"ListItem\",\"position\":1,\"name\":\"Home\",\"item\":\"https:\/\/2019.laulupidu.ee\/ru\/\"},{\"@type\":\"ListItem\",\"position\":2,\"name\":\"\u041f\u0440\u0430\u0437\u0434\u043d\u0438\u043a \u043f\u0435\u0441\u043d\u0438\",\"item\":\"https:\/\/2019.laulupidu.ee\/ru\/%d0%bf%d1%80%d0%b0%d0%b7%d0%b4%d0%bd%d0%b8%d0%ba-%d0%bf%d0%b5%d1%81%d0%bd%d0%b8\/\"},{\"@type\":\"ListItem\",\"position\":3,\"name\":\"\u0423\u0447\u0430\u0441\u0442\u043d\u0438\u043a\",\"item\":\"https:\/\/2019.laulupidu.ee\/ru\/%d0%bf%d1%80%d0%b0%d0%b7%d0%b4%d0%bd%d0%b8%d0%ba-%d0%bf%d0%b5%d1%81%d0%bd%d0%b8\/%d1%83%d1%87%d0%b0%d1%81%d1%82%d0%bd%d0%b8%d0%ba\/\"},{\"@type\":\"ListItem\",\"position\":4,\"name\":\"\u0420\u0435\u043f\u0435\u0440\u0442\u0443\u0430\u0440\",\"item\":\"https:\/\/2019.laulupidu.ee\/ru\/%d0%bf%d1%80%d0%b0%d0%b7%d0%b4%d0%bd%d0%b8%d0%ba-%d0%bf%d0%b5%d1%81%d0%bd%d0%b8\/%d1%83%d1%87%d0%b0%d1%81%d1%82%d0%bd%d0%b8%d0%ba\/laulupeo-repertuaar\/\"},{\"@type\":\"ListItem\",\"position\":5,\"name\":\"\u041e\u0442\u0431\u043e\u0440\u043d\u044b\u0439 \u0445\u043e\u0440\"}]},{\"@type\":\"WebSite\",\"@id\":\"https:\/\/2019.laulupidu.ee\/ru\/#website\",\"url\":\"https:\/\/2019.laulupidu.ee\/ru\/\",\"name\":\"Laulupidu 2019\",\"description\":\"\u041c\u043e\u0451 \u043e\u0442\u0435\u0447\u0435\u0441\u0442\u0432\u043e \u2013 \u043c\u043e\u044f \u043b\u044e\u0431\u043e\u0432\u044c\",\"potentialAction\":[{\"@type\":\"SearchAction\",\"target\":{\"@type\":\"EntryPoint\",\"urlTemplate\":\"https:\/\/2019.laulupidu.ee\/ru\/?s={search_term_string}\"},\"query-input\":{\"@type\":\"PropertyValueSpecification\",\"valueRequired\":true,\"valueName\":\"search_term_string\"}}],\"inLanguage\":\"ru-RU\"}]}<\/script>\n<!-- \/ Yoast SEO plugin. -->","yoast_head_json":{"title":"\u041e\u0442\u0431\u043e\u0440\u043d\u044b\u0439 \u0445\u043e\u0440 - Laulupidu 2019","robots":{"index":"index","follow":"follow","max-snippet":"max-snippet:-1","max-image-preview":"max-image-preview:large","max-video-preview":"max-video-preview:-1"},"canonical":"https:\/\/2019.laulupidu.ee\/ru\/%d0%bf%d1%80%d0%b0%d0%b7%d0%b4%d0%bd%d0%b8%d0%ba-%d0%bf%d0%b5%d1%81%d0%bd%d0%b8\/%d1%83%d1%87%d0%b0%d1%81%d1%82%d0%bd%d0%b8%d0%ba\/laulupeo-repertuaar\/%d0%be%d1%82%d0%b1%d0%be%d1%80%d0%bd%d1%8b%d0%b9-%d1%85%d0%be%d1%80\/","og_locale":"ru_RU","og_type":"article","og_title":"\u041e\u0442\u0431\u043e\u0440\u043d\u044b\u0439 \u0445\u043e\u0440 - Laulupidu 2019","og_description":"Laulupeo avakontsert \u201e\u00d5petajale\u201d on t\u00e4nuavaldus k\u00f5ikidele eesti koolmeistritele. Kava on koostatud eesti heliloojate ja nende \u00f5petajate loodud muusikast. Ajaliselt raamistavad...","og_url":"https:\/\/2019.laulupidu.ee\/ru\/%d0%bf%d1%80%d0%b0%d0%b7%d0%b4%d0%bd%d0%b8%d0%ba-%d0%bf%d0%b5%d1%81%d0%bd%d0%b8\/%d1%83%d1%87%d0%b0%d1%81%d1%82%d0%bd%d0%b8%d0%ba\/laulupeo-repertuaar\/%d0%be%d1%82%d0%b1%d0%be%d1%80%d0%bd%d1%8b%d0%b9-%d1%85%d0%be%d1%80\/","og_site_name":"Laulupidu 2019","article_modified_time":"2019-05-28T08:05:37+00:00","twitter_card":"summary_large_image","twitter_misc":{"\u041f\u0440\u0438\u043c\u0435\u0440\u043d\u043e\u0435 \u0432\u0440\u0435\u043c\u044f \u0434\u043b\u044f \u0447\u0442\u0435\u043d\u0438\u044f":"4 \u043c\u0438\u043d\u0443\u0442\u044b"},"schema":{"@context":"https:\/\/schema.org","@graph":[{"@type":"WebPage","@id":"https:\/\/2019.laulupidu.ee\/ru\/%d0%bf%d1%80%d0%b0%d0%b7%d0%b4%d0%bd%d0%b8%d0%ba-%d0%bf%d0%b5%d1%81%d0%bd%d0%b8\/%d1%83%d1%87%d0%b0%d1%81%d1%82%d0%bd%d0%b8%d0%ba\/laulupeo-repertuaar\/%d0%be%d1%82%d0%b1%d0%be%d1%80%d0%bd%d1%8b%d0%b9-%d1%85%d0%be%d1%80\/","url":"https:\/\/2019.laulupidu.ee\/ru\/%d0%bf%d1%80%d0%b0%d0%b7%d0%b4%d0%bd%d0%b8%d0%ba-%d0%bf%d0%b5%d1%81%d0%bd%d0%b8\/%d1%83%d1%87%d0%b0%d1%81%d1%82%d0%bd%d0%b8%d0%ba\/laulupeo-repertuaar\/%d0%be%d1%82%d0%b1%d0%be%d1%80%d0%bd%d1%8b%d0%b9-%d1%85%d0%be%d1%80\/","name":"\u041e\u0442\u0431\u043e\u0440\u043d\u044b\u0439 \u0445\u043e\u0440 - Laulupidu 2019","isPartOf":{"@id":"https:\/\/2019.laulupidu.ee\/ru\/#website"},"datePublished":"2018-11-26T14:01:53+00:00","dateModified":"2019-05-28T08:05:37+00:00","breadcrumb":{"@id":"https:\/\/2019.laulupidu.ee\/ru\/%d0%bf%d1%80%d0%b0%d0%b7%d0%b4%d0%bd%d0%b8%d0%ba-%d0%bf%d0%b5%d1%81%d0%bd%d0%b8\/%d1%83%d1%87%d0%b0%d1%81%d1%82%d0%bd%d0%b8%d0%ba\/laulupeo-repertuaar\/%d0%be%d1%82%d0%b1%d0%be%d1%80%d0%bd%d1%8b%d0%b9-%d1%85%d0%be%d1%80\/#breadcrumb"},"inLanguage":"ru-RU","potentialAction":[{"@type":"ReadAction","target":["https:\/\/2019.laulupidu.ee\/ru\/%d0%bf%d1%80%d0%b0%d0%b7%d0%b4%d0%bd%d0%b8%d0%ba-%d0%bf%d0%b5%d1%81%d0%bd%d0%b8\/%d1%83%d1%87%d0%b0%d1%81%d1%82%d0%bd%d0%b8%d0%ba\/laulupeo-repertuaar\/%d0%be%d1%82%d0%b1%d0%be%d1%80%d0%bd%d1%8b%d0%b9-%d1%85%d0%be%d1%80\/"]}]},{"@type":"BreadcrumbList","@id":"https:\/\/2019.laulupidu.ee\/ru\/%d0%bf%d1%80%d0%b0%d0%b7%d0%b4%d0%bd%d0%b8%d0%ba-%d0%bf%d0%b5%d1%81%d0%bd%d0%b8\/%d1%83%d1%87%d0%b0%d1%81%d1%82%d0%bd%d0%b8%d0%ba\/laulupeo-repertuaar\/%d0%be%d1%82%d0%b1%d0%be%d1%80%d0%bd%d1%8b%d0%b9-%d1%85%d0%be%d1%80\/#breadcrumb","itemListElement":[{"@type":"ListItem","position":1,"name":"Home","item":"https:\/\/2019.laulupidu.ee\/ru\/"},{"@type":"ListItem","position":2,"name":"\u041f\u0440\u0430\u0437\u0434\u043d\u0438\u043a \u043f\u0435\u0441\u043d\u0438","item":"https:\/\/2019.laulupidu.ee\/ru\/%d0%bf%d1%80%d0%b0%d0%b7%d0%b4%d0%bd%d0%b8%d0%ba-%d0%bf%d0%b5%d1%81%d0%bd%d0%b8\/"},{"@type":"ListItem","position":3,"name":"\u0423\u0447\u0430\u0441\u0442\u043d\u0438\u043a","item":"https:\/\/2019.laulupidu.ee\/ru\/%d0%bf%d1%80%d0%b0%d0%b7%d0%b4%d0%bd%d0%b8%d0%ba-%d0%bf%d0%b5%d1%81%d0%bd%d0%b8\/%d1%83%d1%87%d0%b0%d1%81%d1%82%d0%bd%d0%b8%d0%ba\/"},{"@type":"ListItem","position":4,"name":"\u0420\u0435\u043f\u0435\u0440\u0442\u0443\u0430\u0440","item":"https:\/\/2019.laulupidu.ee\/ru\/%d0%bf%d1%80%d0%b0%d0%b7%d0%b4%d0%bd%d0%b8%d0%ba-%d0%bf%d0%b5%d1%81%d0%bd%d0%b8\/%d1%83%d1%87%d0%b0%d1%81%d1%82%d0%bd%d0%b8%d0%ba\/laulupeo-repertuaar\/"},{"@type":"ListItem","position":5,"name":"\u041e\u0442\u0431\u043e\u0440\u043d\u044b\u0439 \u0445\u043e\u0440"}]},{"@type":"WebSite","@id":"https:\/\/2019.laulupidu.ee\/ru\/#website","url":"https:\/\/2019.laulupidu.ee\/ru\/","name":"Laulupidu 2019","description":"\u041c\u043e\u0451 \u043e\u0442\u0435\u0447\u0435\u0441\u0442\u0432\u043e \u2013 \u043c\u043e\u044f \u043b\u044e\u0431\u043e\u0432\u044c","potentialAction":[{"@type":"SearchAction","target":{"@type":"EntryPoint","urlTemplate":"https:\/\/2019.laulupidu.ee\/ru\/?s={search_term_string}"},"query-input":{"@type":"PropertyValueSpecification","valueRequired":true,"valueName":"search_term_string"}}],"inLanguage":"ru-RU"}]}},"_links":{"self":[{"href":"https:\/\/2019.laulupidu.ee\/ru\/wp-json\/wp\/v2\/pages\/36555","targetHints":{"allow":["GET"]}}],"collection":[{"href":"https:\/\/2019.laulupidu.ee\/ru\/wp-json\/wp\/v2\/pages"}],"about":[{"href":"https:\/\/2019.laulupidu.ee\/ru\/wp-json\/wp\/v2\/types\/page"}],"author":[{"embeddable":true,"href":"https:\/\/2019.laulupidu.ee\/ru\/wp-json\/wp\/v2\/users\/9"}],"replies":[{"embeddable":true,"href":"https:\/\/2019.laulupidu.ee\/ru\/wp-json\/wp\/v2\/comments?post=36555"}],"version-history":[{"count":1,"href":"https:\/\/2019.laulupidu.ee\/ru\/wp-json\/wp\/v2\/pages\/36555\/revisions"}],"predecessor-version":[{"id":36563,"href":"https:\/\/2019.laulupidu.ee\/ru\/wp-json\/wp\/v2\/pages\/36555\/revisions\/36563"}],"up":[{"embeddable":true,"href":"https:\/\/2019.laulupidu.ee\/ru\/wp-json\/wp\/v2\/pages\/30591"}],"wp:attachment":[{"href":"https:\/\/2019.laulupidu.ee\/ru\/wp-json\/wp\/v2\/media?parent=36555"}],"curies":[{"name":"wp","href":"https:\/\/api.w.org\/{rel}","templated":true}]}}