{"id":36556,"date":"2018-09-05T14:22:25","date_gmt":"2018-09-05T11:22:25","guid":{"rendered":"https:\/\/2019.laulupidu.ee\/%d0%bf%d1%80%d0%b0%d0%b7%d0%b4%d0%bd%d0%b8%d0%ba-%d0%bf%d0%b5%d1%81%d0%bd%d0%b8\/%d1%83%d1%87%d0%b0%d1%81%d1%82%d0%bd%d0%b8%d0%ba\/laulupeo-repertuaar\/puhkpilliorkester\/"},"modified":"2019-05-28T11:05:47","modified_gmt":"2019-05-28T08:05:47","slug":"%d0%b4%d1%83%d1%85%d0%be%d0%b2%d0%be%d0%b9-%d0%be%d1%80%d0%ba%d0%b5%d1%81%d1%82%d1%80","status":"publish","type":"page","link":"https:\/\/2019.laulupidu.ee\/ru\/%d0%bf%d1%80%d0%b0%d0%b7%d0%b4%d0%bd%d0%b8%d0%ba-%d0%bf%d0%b5%d1%81%d0%bd%d0%b8\/%d1%83%d1%87%d0%b0%d1%81%d1%82%d0%bd%d0%b8%d0%ba\/laulupeo-repertuaar\/%d0%b4%d1%83%d1%85%d0%be%d0%b2%d0%be%d0%b9-%d0%be%d1%80%d0%ba%d0%b5%d1%81%d1%82%d1%80\/","title":{"rendered":"\u0414\u0443\u0445\u043e\u0432\u043e\u0439 \u043e\u0440\u043a\u0435\u0441\u0442\u0440"},"content":{"rendered":"<p>\u00dcks pidulik avam\u00e4ng, pilguheit tulevikku l\u00e4bi uue eesti heliloomingu, kummardus rahvamuusikale l\u00e4bi kaasaegse arran\u017eeeringu ja austusavaldus 70ndate estraadimuusikale l\u00e4bi meeldej\u00e4\u00e4vate eesti suvelaulude.<\/p>\n<p>Ikka peab olema uus ja huvitav, pisut pusimist ja r\u00f5\u00f5mus meel!<\/p>\n<p>Puhkpilliorkestrite liigijuht<br \/>\n<span class='tooltipsall tooltipsincontent classtoolTips25'>Bert Langeler<\/span><\/p>\n<hr \/>\n<p>Avaldatud on partiid teostest, millel on avaldamiseks autori luba.<br \/>\n31.11.18 Lisatud &#171;Eesti muinasjutt&#187; metsasarv I ja metsasarv II partii in Es<br \/>\n04.02.19 Lisatud &#171;K\u00e4es on j\u00e4lle suvi&#187; lihtsustatud trombooni in B partii.<br \/>\n28.03.19 Lisatud &#171;Sinule, Eesti!&#187; lihtsustatud partiide partituur.<\/p>\n<script type=\"text\/javascript\"> toolTips('.classtoolTips25','<figure id=\"attachment_34584\" aria-describedby=\"caption-attachment-34584\" style=\"width: 200px\" class=\"wp-caption alignleft\"><img class=\"wp-image-34584\" src=\"https:\/\/2019.laulupidu.ee\/wp-content\/uploads\/2019-peo-galeriid\/Portreepildid\/Riina-Varol\/Pildid\/Bert_Langler_web_35A0009-EditX-390x585.jpg\" alt=\"\" width=\"200\" height=\"300\" \/><figcaption id=\"caption-attachment-34584\" class=\"wp-caption-text\">liigijuht <span class='tooltipsall tooltipsincontent classtoolTips25'>Bert Langeler<\/span><\/figcaption><\/figure>'); <\/script>","protected":false},"excerpt":{"rendered":"<p>\u00dcks pidulik avam\u00e4ng, pilguheit tulevikku l\u00e4bi uue eesti heliloomingu, kummardus rahvamuusikale l\u00e4bi kaasaegse arran\u017eeeringu ja austusavaldus 70ndate estraadimuusikale l\u00e4bi meeldej\u00e4\u00e4vate&#8230;<\/p>\n","protected":false},"author":9,"featured_media":0,"parent":30591,"menu_order":70,"comment_status":"closed","ping_status":"closed","template":"page-templates\/tpl-repertory.php","meta":{"footnotes":"","_links_to":"","_links_to_target":""},"class_list":["post-36556","page","type-page","status-publish","hentry"],"yoast_head":"<!-- This site is optimized with the Yoast SEO plugin v25.9 - https:\/\/yoast.com\/wordpress\/plugins\/seo\/ -->\n<title>\u0414\u0443\u0445\u043e\u0432\u043e\u0439 \u043e\u0440\u043a\u0435\u0441\u0442\u0440 - Laulupidu 2019<\/title>\n<meta name=\"robots\" content=\"index, follow, max-snippet:-1, max-image-preview:large, max-video-preview:-1\" \/>\n<link rel=\"canonical\" href=\"https:\/\/2019.laulupidu.ee\/ru\/%d0%bf%d1%80%d0%b0%d0%b7%d0%b4%d0%bd%d0%b8%d0%ba-%d0%bf%d0%b5%d1%81%d0%bd%d0%b8\/%d1%83%d1%87%d0%b0%d1%81%d1%82%d0%bd%d0%b8%d0%ba\/laulupeo-repertuaar\/%d0%b4%d1%83%d1%85%d0%be%d0%b2%d0%be%d0%b9-%d0%be%d1%80%d0%ba%d0%b5%d1%81%d1%82%d1%80\/\" \/>\n<meta property=\"og:locale\" content=\"ru_RU\" \/>\n<meta property=\"og:type\" content=\"article\" \/>\n<meta property=\"og:title\" content=\"\u0414\u0443\u0445\u043e\u0432\u043e\u0439 \u043e\u0440\u043a\u0435\u0441\u0442\u0440 - Laulupidu 2019\" \/>\n<meta property=\"og:description\" content=\"\u00dcks pidulik avam\u00e4ng, pilguheit tulevikku l\u00e4bi uue eesti heliloomingu, kummardus rahvamuusikale l\u00e4bi kaasaegse arran\u017eeeringu ja austusavaldus 70ndate estraadimuusikale l\u00e4bi meeldej\u00e4\u00e4vate...\" \/>\n<meta property=\"og:url\" content=\"https:\/\/2019.laulupidu.ee\/ru\/%d0%bf%d1%80%d0%b0%d0%b7%d0%b4%d0%bd%d0%b8%d0%ba-%d0%bf%d0%b5%d1%81%d0%bd%d0%b8\/%d1%83%d1%87%d0%b0%d1%81%d1%82%d0%bd%d0%b8%d0%ba\/laulupeo-repertuaar\/%d0%b4%d1%83%d1%85%d0%be%d0%b2%d0%be%d0%b9-%d0%be%d1%80%d0%ba%d0%b5%d1%81%d1%82%d1%80\/\" \/>\n<meta property=\"og:site_name\" content=\"Laulupidu 2019\" \/>\n<meta property=\"article:modified_time\" content=\"2019-05-28T08:05:47+00:00\" \/>\n<meta name=\"twitter:card\" content=\"summary_large_image\" \/>\n<script type=\"application\/ld+json\" class=\"yoast-schema-graph\">{\"@context\":\"https:\/\/schema.org\",\"@graph\":[{\"@type\":\"WebPage\",\"@id\":\"https:\/\/2019.laulupidu.ee\/ru\/%d0%bf%d1%80%d0%b0%d0%b7%d0%b4%d0%bd%d0%b8%d0%ba-%d0%bf%d0%b5%d1%81%d0%bd%d0%b8\/%d1%83%d1%87%d0%b0%d1%81%d1%82%d0%bd%d0%b8%d0%ba\/laulupeo-repertuaar\/%d0%b4%d1%83%d1%85%d0%be%d0%b2%d0%be%d0%b9-%d0%be%d1%80%d0%ba%d0%b5%d1%81%d1%82%d1%80\/\",\"url\":\"https:\/\/2019.laulupidu.ee\/ru\/%d0%bf%d1%80%d0%b0%d0%b7%d0%b4%d0%bd%d0%b8%d0%ba-%d0%bf%d0%b5%d1%81%d0%bd%d0%b8\/%d1%83%d1%87%d0%b0%d1%81%d1%82%d0%bd%d0%b8%d0%ba\/laulupeo-repertuaar\/%d0%b4%d1%83%d1%85%d0%be%d0%b2%d0%be%d0%b9-%d0%be%d1%80%d0%ba%d0%b5%d1%81%d1%82%d1%80\/\",\"name\":\"\u0414\u0443\u0445\u043e\u0432\u043e\u0439 \u043e\u0440\u043a\u0435\u0441\u0442\u0440 - Laulupidu 2019\",\"isPartOf\":{\"@id\":\"https:\/\/2019.laulupidu.ee\/ru\/#website\"},\"datePublished\":\"2018-09-05T11:22:25+00:00\",\"dateModified\":\"2019-05-28T08:05:47+00:00\",\"breadcrumb\":{\"@id\":\"https:\/\/2019.laulupidu.ee\/ru\/%d0%bf%d1%80%d0%b0%d0%b7%d0%b4%d0%bd%d0%b8%d0%ba-%d0%bf%d0%b5%d1%81%d0%bd%d0%b8\/%d1%83%d1%87%d0%b0%d1%81%d1%82%d0%bd%d0%b8%d0%ba\/laulupeo-repertuaar\/%d0%b4%d1%83%d1%85%d0%be%d0%b2%d0%be%d0%b9-%d0%be%d1%80%d0%ba%d0%b5%d1%81%d1%82%d1%80\/#breadcrumb\"},\"inLanguage\":\"ru-RU\",\"potentialAction\":[{\"@type\":\"ReadAction\",\"target\":[\"https:\/\/2019.laulupidu.ee\/ru\/%d0%bf%d1%80%d0%b0%d0%b7%d0%b4%d0%bd%d0%b8%d0%ba-%d0%bf%d0%b5%d1%81%d0%bd%d0%b8\/%d1%83%d1%87%d0%b0%d1%81%d1%82%d0%bd%d0%b8%d0%ba\/laulupeo-repertuaar\/%d0%b4%d1%83%d1%85%d0%be%d0%b2%d0%be%d0%b9-%d0%be%d1%80%d0%ba%d0%b5%d1%81%d1%82%d1%80\/\"]}]},{\"@type\":\"BreadcrumbList\",\"@id\":\"https:\/\/2019.laulupidu.ee\/ru\/%d0%bf%d1%80%d0%b0%d0%b7%d0%b4%d0%bd%d0%b8%d0%ba-%d0%bf%d0%b5%d1%81%d0%bd%d0%b8\/%d1%83%d1%87%d0%b0%d1%81%d1%82%d0%bd%d0%b8%d0%ba\/laulupeo-repertuaar\/%d0%b4%d1%83%d1%85%d0%be%d0%b2%d0%be%d0%b9-%d0%be%d1%80%d0%ba%d0%b5%d1%81%d1%82%d1%80\/#breadcrumb\",\"itemListElement\":[{\"@type\":\"ListItem\",\"position\":1,\"name\":\"Home\",\"item\":\"https:\/\/2019.laulupidu.ee\/ru\/\"},{\"@type\":\"ListItem\",\"position\":2,\"name\":\"\u041f\u0440\u0430\u0437\u0434\u043d\u0438\u043a \u043f\u0435\u0441\u043d\u0438\",\"item\":\"https:\/\/2019.laulupidu.ee\/ru\/%d0%bf%d1%80%d0%b0%d0%b7%d0%b4%d0%bd%d0%b8%d0%ba-%d0%bf%d0%b5%d1%81%d0%bd%d0%b8\/\"},{\"@type\":\"ListItem\",\"position\":3,\"name\":\"\u0423\u0447\u0430\u0441\u0442\u043d\u0438\u043a\",\"item\":\"https:\/\/2019.laulupidu.ee\/ru\/%d0%bf%d1%80%d0%b0%d0%b7%d0%b4%d0%bd%d0%b8%d0%ba-%d0%bf%d0%b5%d1%81%d0%bd%d0%b8\/%d1%83%d1%87%d0%b0%d1%81%d1%82%d0%bd%d0%b8%d0%ba\/\"},{\"@type\":\"ListItem\",\"position\":4,\"name\":\"\u0420\u0435\u043f\u0435\u0440\u0442\u0443\u0430\u0440\",\"item\":\"https:\/\/2019.laulupidu.ee\/ru\/%d0%bf%d1%80%d0%b0%d0%b7%d0%b4%d0%bd%d0%b8%d0%ba-%d0%bf%d0%b5%d1%81%d0%bd%d0%b8\/%d1%83%d1%87%d0%b0%d1%81%d1%82%d0%bd%d0%b8%d0%ba\/laulupeo-repertuaar\/\"},{\"@type\":\"ListItem\",\"position\":5,\"name\":\"\u0414\u0443\u0445\u043e\u0432\u043e\u0439 \u043e\u0440\u043a\u0435\u0441\u0442\u0440\"}]},{\"@type\":\"WebSite\",\"@id\":\"https:\/\/2019.laulupidu.ee\/ru\/#website\",\"url\":\"https:\/\/2019.laulupidu.ee\/ru\/\",\"name\":\"Laulupidu 2019\",\"description\":\"\u041c\u043e\u0451 \u043e\u0442\u0435\u0447\u0435\u0441\u0442\u0432\u043e \u2013 \u043c\u043e\u044f \u043b\u044e\u0431\u043e\u0432\u044c\",\"potentialAction\":[{\"@type\":\"SearchAction\",\"target\":{\"@type\":\"EntryPoint\",\"urlTemplate\":\"https:\/\/2019.laulupidu.ee\/ru\/?s={search_term_string}\"},\"query-input\":{\"@type\":\"PropertyValueSpecification\",\"valueRequired\":true,\"valueName\":\"search_term_string\"}}],\"inLanguage\":\"ru-RU\"}]}<\/script>\n<!-- \/ Yoast SEO plugin. -->","yoast_head_json":{"title":"\u0414\u0443\u0445\u043e\u0432\u043e\u0439 \u043e\u0440\u043a\u0435\u0441\u0442\u0440 - Laulupidu 2019","robots":{"index":"index","follow":"follow","max-snippet":"max-snippet:-1","max-image-preview":"max-image-preview:large","max-video-preview":"max-video-preview:-1"},"canonical":"https:\/\/2019.laulupidu.ee\/ru\/%d0%bf%d1%80%d0%b0%d0%b7%d0%b4%d0%bd%d0%b8%d0%ba-%d0%bf%d0%b5%d1%81%d0%bd%d0%b8\/%d1%83%d1%87%d0%b0%d1%81%d1%82%d0%bd%d0%b8%d0%ba\/laulupeo-repertuaar\/%d0%b4%d1%83%d1%85%d0%be%d0%b2%d0%be%d0%b9-%d0%be%d1%80%d0%ba%d0%b5%d1%81%d1%82%d1%80\/","og_locale":"ru_RU","og_type":"article","og_title":"\u0414\u0443\u0445\u043e\u0432\u043e\u0439 \u043e\u0440\u043a\u0435\u0441\u0442\u0440 - Laulupidu 2019","og_description":"\u00dcks pidulik avam\u00e4ng, pilguheit tulevikku l\u00e4bi uue eesti heliloomingu, kummardus rahvamuusikale l\u00e4bi kaasaegse arran\u017eeeringu ja austusavaldus 70ndate estraadimuusikale l\u00e4bi meeldej\u00e4\u00e4vate...","og_url":"https:\/\/2019.laulupidu.ee\/ru\/%d0%bf%d1%80%d0%b0%d0%b7%d0%b4%d0%bd%d0%b8%d0%ba-%d0%bf%d0%b5%d1%81%d0%bd%d0%b8\/%d1%83%d1%87%d0%b0%d1%81%d1%82%d0%bd%d0%b8%d0%ba\/laulupeo-repertuaar\/%d0%b4%d1%83%d1%85%d0%be%d0%b2%d0%be%d0%b9-%d0%be%d1%80%d0%ba%d0%b5%d1%81%d1%82%d1%80\/","og_site_name":"Laulupidu 2019","article_modified_time":"2019-05-28T08:05:47+00:00","twitter_card":"summary_large_image","schema":{"@context":"https:\/\/schema.org","@graph":[{"@type":"WebPage","@id":"https:\/\/2019.laulupidu.ee\/ru\/%d0%bf%d1%80%d0%b0%d0%b7%d0%b4%d0%bd%d0%b8%d0%ba-%d0%bf%d0%b5%d1%81%d0%bd%d0%b8\/%d1%83%d1%87%d0%b0%d1%81%d1%82%d0%bd%d0%b8%d0%ba\/laulupeo-repertuaar\/%d0%b4%d1%83%d1%85%d0%be%d0%b2%d0%be%d0%b9-%d0%be%d1%80%d0%ba%d0%b5%d1%81%d1%82%d1%80\/","url":"https:\/\/2019.laulupidu.ee\/ru\/%d0%bf%d1%80%d0%b0%d0%b7%d0%b4%d0%bd%d0%b8%d0%ba-%d0%bf%d0%b5%d1%81%d0%bd%d0%b8\/%d1%83%d1%87%d0%b0%d1%81%d1%82%d0%bd%d0%b8%d0%ba\/laulupeo-repertuaar\/%d0%b4%d1%83%d1%85%d0%be%d0%b2%d0%be%d0%b9-%d0%be%d1%80%d0%ba%d0%b5%d1%81%d1%82%d1%80\/","name":"\u0414\u0443\u0445\u043e\u0432\u043e\u0439 \u043e\u0440\u043a\u0435\u0441\u0442\u0440 - Laulupidu 2019","isPartOf":{"@id":"https:\/\/2019.laulupidu.ee\/ru\/#website"},"datePublished":"2018-09-05T11:22:25+00:00","dateModified":"2019-05-28T08:05:47+00:00","breadcrumb":{"@id":"https:\/\/2019.laulupidu.ee\/ru\/%d0%bf%d1%80%d0%b0%d0%b7%d0%b4%d0%bd%d0%b8%d0%ba-%d0%bf%d0%b5%d1%81%d0%bd%d0%b8\/%d1%83%d1%87%d0%b0%d1%81%d1%82%d0%bd%d0%b8%d0%ba\/laulupeo-repertuaar\/%d0%b4%d1%83%d1%85%d0%be%d0%b2%d0%be%d0%b9-%d0%be%d1%80%d0%ba%d0%b5%d1%81%d1%82%d1%80\/#breadcrumb"},"inLanguage":"ru-RU","potentialAction":[{"@type":"ReadAction","target":["https:\/\/2019.laulupidu.ee\/ru\/%d0%bf%d1%80%d0%b0%d0%b7%d0%b4%d0%bd%d0%b8%d0%ba-%d0%bf%d0%b5%d1%81%d0%bd%d0%b8\/%d1%83%d1%87%d0%b0%d1%81%d1%82%d0%bd%d0%b8%d0%ba\/laulupeo-repertuaar\/%d0%b4%d1%83%d1%85%d0%be%d0%b2%d0%be%d0%b9-%d0%be%d1%80%d0%ba%d0%b5%d1%81%d1%82%d1%80\/"]}]},{"@type":"BreadcrumbList","@id":"https:\/\/2019.laulupidu.ee\/ru\/%d0%bf%d1%80%d0%b0%d0%b7%d0%b4%d0%bd%d0%b8%d0%ba-%d0%bf%d0%b5%d1%81%d0%bd%d0%b8\/%d1%83%d1%87%d0%b0%d1%81%d1%82%d0%bd%d0%b8%d0%ba\/laulupeo-repertuaar\/%d0%b4%d1%83%d1%85%d0%be%d0%b2%d0%be%d0%b9-%d0%be%d1%80%d0%ba%d0%b5%d1%81%d1%82%d1%80\/#breadcrumb","itemListElement":[{"@type":"ListItem","position":1,"name":"Home","item":"https:\/\/2019.laulupidu.ee\/ru\/"},{"@type":"ListItem","position":2,"name":"\u041f\u0440\u0430\u0437\u0434\u043d\u0438\u043a \u043f\u0435\u0441\u043d\u0438","item":"https:\/\/2019.laulupidu.ee\/ru\/%d0%bf%d1%80%d0%b0%d0%b7%d0%b4%d0%bd%d0%b8%d0%ba-%d0%bf%d0%b5%d1%81%d0%bd%d0%b8\/"},{"@type":"ListItem","position":3,"name":"\u0423\u0447\u0430\u0441\u0442\u043d\u0438\u043a","item":"https:\/\/2019.laulupidu.ee\/ru\/%d0%bf%d1%80%d0%b0%d0%b7%d0%b4%d0%bd%d0%b8%d0%ba-%d0%bf%d0%b5%d1%81%d0%bd%d0%b8\/%d1%83%d1%87%d0%b0%d1%81%d1%82%d0%bd%d0%b8%d0%ba\/"},{"@type":"ListItem","position":4,"name":"\u0420\u0435\u043f\u0435\u0440\u0442\u0443\u0430\u0440","item":"https:\/\/2019.laulupidu.ee\/ru\/%d0%bf%d1%80%d0%b0%d0%b7%d0%b4%d0%bd%d0%b8%d0%ba-%d0%bf%d0%b5%d1%81%d0%bd%d0%b8\/%d1%83%d1%87%d0%b0%d1%81%d1%82%d0%bd%d0%b8%d0%ba\/laulupeo-repertuaar\/"},{"@type":"ListItem","position":5,"name":"\u0414\u0443\u0445\u043e\u0432\u043e\u0439 \u043e\u0440\u043a\u0435\u0441\u0442\u0440"}]},{"@type":"WebSite","@id":"https:\/\/2019.laulupidu.ee\/ru\/#website","url":"https:\/\/2019.laulupidu.ee\/ru\/","name":"Laulupidu 2019","description":"\u041c\u043e\u0451 \u043e\u0442\u0435\u0447\u0435\u0441\u0442\u0432\u043e \u2013 \u043c\u043e\u044f \u043b\u044e\u0431\u043e\u0432\u044c","potentialAction":[{"@type":"SearchAction","target":{"@type":"EntryPoint","urlTemplate":"https:\/\/2019.laulupidu.ee\/ru\/?s={search_term_string}"},"query-input":{"@type":"PropertyValueSpecification","valueRequired":true,"valueName":"search_term_string"}}],"inLanguage":"ru-RU"}]}},"_links":{"self":[{"href":"https:\/\/2019.laulupidu.ee\/ru\/wp-json\/wp\/v2\/pages\/36556","targetHints":{"allow":["GET"]}}],"collection":[{"href":"https:\/\/2019.laulupidu.ee\/ru\/wp-json\/wp\/v2\/pages"}],"about":[{"href":"https:\/\/2019.laulupidu.ee\/ru\/wp-json\/wp\/v2\/types\/page"}],"author":[{"embeddable":true,"href":"https:\/\/2019.laulupidu.ee\/ru\/wp-json\/wp\/v2\/users\/9"}],"replies":[{"embeddable":true,"href":"https:\/\/2019.laulupidu.ee\/ru\/wp-json\/wp\/v2\/comments?post=36556"}],"version-history":[{"count":1,"href":"https:\/\/2019.laulupidu.ee\/ru\/wp-json\/wp\/v2\/pages\/36556\/revisions"}],"predecessor-version":[{"id":36564,"href":"https:\/\/2019.laulupidu.ee\/ru\/wp-json\/wp\/v2\/pages\/36556\/revisions\/36564"}],"up":[{"embeddable":true,"href":"https:\/\/2019.laulupidu.ee\/ru\/wp-json\/wp\/v2\/pages\/30591"}],"wp:attachment":[{"href":"https:\/\/2019.laulupidu.ee\/ru\/wp-json\/wp\/v2\/media?parent=36556"}],"curies":[{"name":"wp","href":"https:\/\/api.w.org\/{rel}","templated":true}]}}