{"id":36557,"date":"2018-09-05T15:01:36","date_gmt":"2018-09-05T12:01:36","guid":{"rendered":"https:\/\/2019.laulupidu.ee\/%d0%bf%d1%80%d0%b0%d0%b7%d0%b4%d0%bd%d0%b8%d0%ba-%d0%bf%d0%b5%d1%81%d0%bd%d0%b8\/%d1%83%d1%87%d0%b0%d1%81%d1%82%d0%bd%d0%b8%d0%ba\/laulupeo-repertuaar\/symfooniaorkester\/"},"modified":"2019-05-28T11:06:00","modified_gmt":"2019-05-28T08:06:00","slug":"%d1%81%d0%b8%d0%bc%d1%84%d0%be%d0%bd%d0%b8%d1%87%d0%b5%d1%81%d0%ba%d0%b8%d0%b9-%d0%be%d1%80%d0%ba%d0%b5%d1%81%d1%82%d1%80","status":"publish","type":"page","link":"https:\/\/2019.laulupidu.ee\/ru\/%d0%bf%d1%80%d0%b0%d0%b7%d0%b4%d0%bd%d0%b8%d0%ba-%d0%bf%d0%b5%d1%81%d0%bd%d0%b8\/%d1%83%d1%87%d0%b0%d1%81%d1%82%d0%bd%d0%b8%d0%ba\/laulupeo-repertuaar\/%d1%81%d0%b8%d0%bc%d1%84%d0%be%d0%bd%d0%b8%d1%87%d0%b5%d1%81%d0%ba%d0%b8%d0%b9-%d0%be%d1%80%d0%ba%d0%b5%d1%81%d1%82%d1%80\/","title":{"rendered":"\u0421\u0438\u043c\u0444\u043e\u043d\u0438\u0447\u0435\u0441\u043a\u0438\u0439 \u043e\u0440\u043a\u0435\u0441\u0442\u0440"},"content":{"rendered":"<p>S\u00fcmfooniaorkestrid on taas eraldi liigina laulukaare all esinenud 2007. aasta noorte laulupeost alates.<br \/>\nIkka ja j\u00e4lle oleme otsimas ja leidmas oma kohta sellel eestlaste suurimal muusikapeol. 2019. aasta laulupeo kava kokku seades on olnud soov tekitada \u00fcht terviklikku sisemise arenguga kulgemist. Vormiliseks toeks on 18. sajandil v\u00e4lja kujunenud s\u00fcmfoonia vorm. See oleks justkui nelja eesti helilooja \u00fchine teos laulupeole, millele viiendana lisandub k\u00f5iki m\u00e4ngijaid \u00fchendava koondorkestri etteaste.<br \/>\nEsimese osa autor Jonas Tarm on noorema p\u00f5lve helilooja, kes igap\u00e4evaselt elab ja tegutseb Ameerika \u00dchendriikides. Tema teos pealkirjaga \u201eP\u00e4ike laulab\u201c on inspireeritud p\u00e4rimusmuusikast, mis asetatud oman\u00e4olisse k\u00f5la ja harmoonia keskkonda.<br \/>\nTeise osa autori T\u00f5nu K\u00f5rvitsa teos kannab rahulikumat meeleolu, olles v\u00e4ljapeetud nagu s\u00fcmfoonia teisele osale kohane.<br \/>\nKolmas osa on v\u00f5etud eesti s\u00fcmfoonilise muusika varasalvest. Selleks on Villem Kapi 1955. aastal valminud 2. S\u00fcmfoonia 3. osa Allegro. See on loodud traditsioonilises, s\u00fcmfoonia 3. osale sobivas vallatus v\u00f5tmes.<br \/>\nNeljanda osa on kirjutanud meie noorema p\u00f5lvkonna \u00fcks silmapaistvamaid heliloojaid \u00dclo Krigul. See on pidulik finaal, pealkirjaks \u201eTornikella kaja\u201c. Teos on kantud Veljo Tormise vaimust ning inspireeritud kantaadist \u201eTornikell minu k\u00fclas\u201c. Partituuri on lisatud ka tekstilugeja osa.<br \/>\nKoondorkestri loo autoriks on laulupeol deb\u00fcteeriv Ardo Ran Varres. Tema teos \u201eEesti muinasjutt\u201c on kolmeosaline s\u00fcit erineva karakteri ja esituskoosseisudega l\u00fchipaladest. 1 osa peategelaseks on puhkpillid, 2. osas keelpillid. 3. osas \u00fchinevad puhk-, keel- ja l\u00f6\u00f6kpillid r\u00fctmiliselt v\u00f5imsalt pulsseerivaks koondorkestriks.<\/p>\n<p>Olen veendunud, et uudse k\u00f5la- ja r\u00fctmipildiga repertuaaris on s\u00e4det, mis m\u00e4ngija, dirigendi ja kuulaja teekonnale kaasa kutsuvad.<\/p>\n<p>Lugupidamisega<\/p>\n<p>S\u00fcmfooniaorkestrite liigijuht,<\/p>\n<p><span class='tooltipsall tooltipsincontent classtoolTips9'>Hando P\u00f5ldm\u00e4e<\/span><\/p>\n<hr \/>\n<p>Avaldatud on partiid teostest, millel on avaldamiseks autori luba.<br \/>\n29.10.18 lisatud &#171;Tornikella kaja&#187; audiofail.<br \/>\n31.10.18 lisatud &#171;Eesti muinasjutt&#187; metsasarv I ja metsasarv II partii in Es<br \/>\n05.11.18 lisatud &#171;P\u00e4ike laulab&#187; t\u00f6\u00f6leht ja partiid klaverile<br \/>\n05.11.18 Villem Kapp lihtsustatud partiid<br \/>\n28.03.19 &#171;Tornikella kaja&#187; klaveripartii puhkpilli teemadega.<\/p>\n<script type=\"text\/javascript\"> toolTips('.classtoolTips9','<figure id=\"attachment_34605\" aria-describedby=\"caption-attachment-34605\" style=\"width: 200px\" class=\"wp-caption alignleft\"><img class=\"wp-image-34605\" src=\"https:\/\/2019.laulupidu.ee\/wp-content\/uploads\/2019-peo-galeriid\/Portreepildid\/Riina-Varol\/Pildid\/Hando_P6ldm2e_web_35A0027-EditX-390x585.jpg\" alt=\"\" width=\"200\" height=\"300\" \/><figcaption id=\"caption-attachment-34605\" class=\"wp-caption-text\">liigijuht <span class='tooltipsall tooltipsincontent classtoolTips9'>Hando P\u00f5ldm\u00e4e<\/span><\/figcaption><\/figure>'); <\/script>","protected":false},"excerpt":{"rendered":"<p>S\u00fcmfooniaorkestrid on taas eraldi liigina laulukaare all esinenud 2007. aasta noorte laulupeost alates. Ikka ja j\u00e4lle oleme otsimas ja leidmas&#8230;<\/p>\n","protected":false},"author":9,"featured_media":0,"parent":30591,"menu_order":80,"comment_status":"closed","ping_status":"closed","template":"page-templates\/tpl-repertory.php","meta":{"footnotes":"","_links_to":"","_links_to_target":""},"class_list":["post-36557","page","type-page","status-publish","hentry"],"yoast_head":"<!-- This site is optimized with the Yoast SEO plugin v25.9 - https:\/\/yoast.com\/wordpress\/plugins\/seo\/ -->\n<title>\u0421\u0438\u043c\u0444\u043e\u043d\u0438\u0447\u0435\u0441\u043a\u0438\u0439 \u043e\u0440\u043a\u0435\u0441\u0442\u0440 - Laulupidu 2019<\/title>\n<meta name=\"robots\" content=\"index, follow, max-snippet:-1, max-image-preview:large, max-video-preview:-1\" \/>\n<link rel=\"canonical\" href=\"https:\/\/2019.laulupidu.ee\/ru\/%d0%bf%d1%80%d0%b0%d0%b7%d0%b4%d0%bd%d0%b8%d0%ba-%d0%bf%d0%b5%d1%81%d0%bd%d0%b8\/%d1%83%d1%87%d0%b0%d1%81%d1%82%d0%bd%d0%b8%d0%ba\/laulupeo-repertuaar\/%d1%81%d0%b8%d0%bc%d1%84%d0%be%d0%bd%d0%b8%d1%87%d0%b5%d1%81%d0%ba%d0%b8%d0%b9-%d0%be%d1%80%d0%ba%d0%b5%d1%81%d1%82%d1%80\/\" \/>\n<meta property=\"og:locale\" content=\"ru_RU\" \/>\n<meta property=\"og:type\" content=\"article\" \/>\n<meta property=\"og:title\" content=\"\u0421\u0438\u043c\u0444\u043e\u043d\u0438\u0447\u0435\u0441\u043a\u0438\u0439 \u043e\u0440\u043a\u0435\u0441\u0442\u0440 - Laulupidu 2019\" \/>\n<meta property=\"og:description\" content=\"S\u00fcmfooniaorkestrid on taas eraldi liigina laulukaare all esinenud 2007. aasta noorte laulupeost alates. Ikka ja j\u00e4lle oleme otsimas ja leidmas...\" \/>\n<meta property=\"og:url\" content=\"https:\/\/2019.laulupidu.ee\/ru\/%d0%bf%d1%80%d0%b0%d0%b7%d0%b4%d0%bd%d0%b8%d0%ba-%d0%bf%d0%b5%d1%81%d0%bd%d0%b8\/%d1%83%d1%87%d0%b0%d1%81%d1%82%d0%bd%d0%b8%d0%ba\/laulupeo-repertuaar\/%d1%81%d0%b8%d0%bc%d1%84%d0%be%d0%bd%d0%b8%d1%87%d0%b5%d1%81%d0%ba%d0%b8%d0%b9-%d0%be%d1%80%d0%ba%d0%b5%d1%81%d1%82%d1%80\/\" \/>\n<meta property=\"og:site_name\" content=\"Laulupidu 2019\" \/>\n<meta property=\"article:modified_time\" content=\"2019-05-28T08:06:00+00:00\" \/>\n<meta name=\"twitter:card\" content=\"summary_large_image\" \/>\n<meta name=\"twitter:label1\" content=\"\u041f\u0440\u0438\u043c\u0435\u0440\u043d\u043e\u0435 \u0432\u0440\u0435\u043c\u044f \u0434\u043b\u044f \u0447\u0442\u0435\u043d\u0438\u044f\" \/>\n\t<meta name=\"twitter:data1\" content=\"2 \u043c\u0438\u043d\u0443\u0442\u044b\" \/>\n<script type=\"application\/ld+json\" class=\"yoast-schema-graph\">{\"@context\":\"https:\/\/schema.org\",\"@graph\":[{\"@type\":\"WebPage\",\"@id\":\"https:\/\/2019.laulupidu.ee\/ru\/%d0%bf%d1%80%d0%b0%d0%b7%d0%b4%d0%bd%d0%b8%d0%ba-%d0%bf%d0%b5%d1%81%d0%bd%d0%b8\/%d1%83%d1%87%d0%b0%d1%81%d1%82%d0%bd%d0%b8%d0%ba\/laulupeo-repertuaar\/%d1%81%d0%b8%d0%bc%d1%84%d0%be%d0%bd%d0%b8%d1%87%d0%b5%d1%81%d0%ba%d0%b8%d0%b9-%d0%be%d1%80%d0%ba%d0%b5%d1%81%d1%82%d1%80\/\",\"url\":\"https:\/\/2019.laulupidu.ee\/ru\/%d0%bf%d1%80%d0%b0%d0%b7%d0%b4%d0%bd%d0%b8%d0%ba-%d0%bf%d0%b5%d1%81%d0%bd%d0%b8\/%d1%83%d1%87%d0%b0%d1%81%d1%82%d0%bd%d0%b8%d0%ba\/laulupeo-repertuaar\/%d1%81%d0%b8%d0%bc%d1%84%d0%be%d0%bd%d0%b8%d1%87%d0%b5%d1%81%d0%ba%d0%b8%d0%b9-%d0%be%d1%80%d0%ba%d0%b5%d1%81%d1%82%d1%80\/\",\"name\":\"\u0421\u0438\u043c\u0444\u043e\u043d\u0438\u0447\u0435\u0441\u043a\u0438\u0439 \u043e\u0440\u043a\u0435\u0441\u0442\u0440 - Laulupidu 2019\",\"isPartOf\":{\"@id\":\"https:\/\/2019.laulupidu.ee\/ru\/#website\"},\"datePublished\":\"2018-09-05T12:01:36+00:00\",\"dateModified\":\"2019-05-28T08:06:00+00:00\",\"breadcrumb\":{\"@id\":\"https:\/\/2019.laulupidu.ee\/ru\/%d0%bf%d1%80%d0%b0%d0%b7%d0%b4%d0%bd%d0%b8%d0%ba-%d0%bf%d0%b5%d1%81%d0%bd%d0%b8\/%d1%83%d1%87%d0%b0%d1%81%d1%82%d0%bd%d0%b8%d0%ba\/laulupeo-repertuaar\/%d1%81%d0%b8%d0%bc%d1%84%d0%be%d0%bd%d0%b8%d1%87%d0%b5%d1%81%d0%ba%d0%b8%d0%b9-%d0%be%d1%80%d0%ba%d0%b5%d1%81%d1%82%d1%80\/#breadcrumb\"},\"inLanguage\":\"ru-RU\",\"potentialAction\":[{\"@type\":\"ReadAction\",\"target\":[\"https:\/\/2019.laulupidu.ee\/ru\/%d0%bf%d1%80%d0%b0%d0%b7%d0%b4%d0%bd%d0%b8%d0%ba-%d0%bf%d0%b5%d1%81%d0%bd%d0%b8\/%d1%83%d1%87%d0%b0%d1%81%d1%82%d0%bd%d0%b8%d0%ba\/laulupeo-repertuaar\/%d1%81%d0%b8%d0%bc%d1%84%d0%be%d0%bd%d0%b8%d1%87%d0%b5%d1%81%d0%ba%d0%b8%d0%b9-%d0%be%d1%80%d0%ba%d0%b5%d1%81%d1%82%d1%80\/\"]}]},{\"@type\":\"BreadcrumbList\",\"@id\":\"https:\/\/2019.laulupidu.ee\/ru\/%d0%bf%d1%80%d0%b0%d0%b7%d0%b4%d0%bd%d0%b8%d0%ba-%d0%bf%d0%b5%d1%81%d0%bd%d0%b8\/%d1%83%d1%87%d0%b0%d1%81%d1%82%d0%bd%d0%b8%d0%ba\/laulupeo-repertuaar\/%d1%81%d0%b8%d0%bc%d1%84%d0%be%d0%bd%d0%b8%d1%87%d0%b5%d1%81%d0%ba%d0%b8%d0%b9-%d0%be%d1%80%d0%ba%d0%b5%d1%81%d1%82%d1%80\/#breadcrumb\",\"itemListElement\":[{\"@type\":\"ListItem\",\"position\":1,\"name\":\"Home\",\"item\":\"https:\/\/2019.laulupidu.ee\/ru\/\"},{\"@type\":\"ListItem\",\"position\":2,\"name\":\"\u041f\u0440\u0430\u0437\u0434\u043d\u0438\u043a \u043f\u0435\u0441\u043d\u0438\",\"item\":\"https:\/\/2019.laulupidu.ee\/ru\/%d0%bf%d1%80%d0%b0%d0%b7%d0%b4%d0%bd%d0%b8%d0%ba-%d0%bf%d0%b5%d1%81%d0%bd%d0%b8\/\"},{\"@type\":\"ListItem\",\"position\":3,\"name\":\"\u0423\u0447\u0430\u0441\u0442\u043d\u0438\u043a\",\"item\":\"https:\/\/2019.laulupidu.ee\/ru\/%d0%bf%d1%80%d0%b0%d0%b7%d0%b4%d0%bd%d0%b8%d0%ba-%d0%bf%d0%b5%d1%81%d0%bd%d0%b8\/%d1%83%d1%87%d0%b0%d1%81%d1%82%d0%bd%d0%b8%d0%ba\/\"},{\"@type\":\"ListItem\",\"position\":4,\"name\":\"\u0420\u0435\u043f\u0435\u0440\u0442\u0443\u0430\u0440\",\"item\":\"https:\/\/2019.laulupidu.ee\/ru\/%d0%bf%d1%80%d0%b0%d0%b7%d0%b4%d0%bd%d0%b8%d0%ba-%d0%bf%d0%b5%d1%81%d0%bd%d0%b8\/%d1%83%d1%87%d0%b0%d1%81%d1%82%d0%bd%d0%b8%d0%ba\/laulupeo-repertuaar\/\"},{\"@type\":\"ListItem\",\"position\":5,\"name\":\"\u0421\u0438\u043c\u0444\u043e\u043d\u0438\u0447\u0435\u0441\u043a\u0438\u0439 \u043e\u0440\u043a\u0435\u0441\u0442\u0440\"}]},{\"@type\":\"WebSite\",\"@id\":\"https:\/\/2019.laulupidu.ee\/ru\/#website\",\"url\":\"https:\/\/2019.laulupidu.ee\/ru\/\",\"name\":\"Laulupidu 2019\",\"description\":\"\u041c\u043e\u0451 \u043e\u0442\u0435\u0447\u0435\u0441\u0442\u0432\u043e \u2013 \u043c\u043e\u044f \u043b\u044e\u0431\u043e\u0432\u044c\",\"potentialAction\":[{\"@type\":\"SearchAction\",\"target\":{\"@type\":\"EntryPoint\",\"urlTemplate\":\"https:\/\/2019.laulupidu.ee\/ru\/?s={search_term_string}\"},\"query-input\":{\"@type\":\"PropertyValueSpecification\",\"valueRequired\":true,\"valueName\":\"search_term_string\"}}],\"inLanguage\":\"ru-RU\"}]}<\/script>\n<!-- \/ Yoast SEO plugin. -->","yoast_head_json":{"title":"\u0421\u0438\u043c\u0444\u043e\u043d\u0438\u0447\u0435\u0441\u043a\u0438\u0439 \u043e\u0440\u043a\u0435\u0441\u0442\u0440 - Laulupidu 2019","robots":{"index":"index","follow":"follow","max-snippet":"max-snippet:-1","max-image-preview":"max-image-preview:large","max-video-preview":"max-video-preview:-1"},"canonical":"https:\/\/2019.laulupidu.ee\/ru\/%d0%bf%d1%80%d0%b0%d0%b7%d0%b4%d0%bd%d0%b8%d0%ba-%d0%bf%d0%b5%d1%81%d0%bd%d0%b8\/%d1%83%d1%87%d0%b0%d1%81%d1%82%d0%bd%d0%b8%d0%ba\/laulupeo-repertuaar\/%d1%81%d0%b8%d0%bc%d1%84%d0%be%d0%bd%d0%b8%d1%87%d0%b5%d1%81%d0%ba%d0%b8%d0%b9-%d0%be%d1%80%d0%ba%d0%b5%d1%81%d1%82%d1%80\/","og_locale":"ru_RU","og_type":"article","og_title":"\u0421\u0438\u043c\u0444\u043e\u043d\u0438\u0447\u0435\u0441\u043a\u0438\u0439 \u043e\u0440\u043a\u0435\u0441\u0442\u0440 - Laulupidu 2019","og_description":"S\u00fcmfooniaorkestrid on taas eraldi liigina laulukaare all esinenud 2007. aasta noorte laulupeost alates. Ikka ja j\u00e4lle oleme otsimas ja leidmas...","og_url":"https:\/\/2019.laulupidu.ee\/ru\/%d0%bf%d1%80%d0%b0%d0%b7%d0%b4%d0%bd%d0%b8%d0%ba-%d0%bf%d0%b5%d1%81%d0%bd%d0%b8\/%d1%83%d1%87%d0%b0%d1%81%d1%82%d0%bd%d0%b8%d0%ba\/laulupeo-repertuaar\/%d1%81%d0%b8%d0%bc%d1%84%d0%be%d0%bd%d0%b8%d1%87%d0%b5%d1%81%d0%ba%d0%b8%d0%b9-%d0%be%d1%80%d0%ba%d0%b5%d1%81%d1%82%d1%80\/","og_site_name":"Laulupidu 2019","article_modified_time":"2019-05-28T08:06:00+00:00","twitter_card":"summary_large_image","twitter_misc":{"\u041f\u0440\u0438\u043c\u0435\u0440\u043d\u043e\u0435 \u0432\u0440\u0435\u043c\u044f \u0434\u043b\u044f \u0447\u0442\u0435\u043d\u0438\u044f":"2 \u043c\u0438\u043d\u0443\u0442\u044b"},"schema":{"@context":"https:\/\/schema.org","@graph":[{"@type":"WebPage","@id":"https:\/\/2019.laulupidu.ee\/ru\/%d0%bf%d1%80%d0%b0%d0%b7%d0%b4%d0%bd%d0%b8%d0%ba-%d0%bf%d0%b5%d1%81%d0%bd%d0%b8\/%d1%83%d1%87%d0%b0%d1%81%d1%82%d0%bd%d0%b8%d0%ba\/laulupeo-repertuaar\/%d1%81%d0%b8%d0%bc%d1%84%d0%be%d0%bd%d0%b8%d1%87%d0%b5%d1%81%d0%ba%d0%b8%d0%b9-%d0%be%d1%80%d0%ba%d0%b5%d1%81%d1%82%d1%80\/","url":"https:\/\/2019.laulupidu.ee\/ru\/%d0%bf%d1%80%d0%b0%d0%b7%d0%b4%d0%bd%d0%b8%d0%ba-%d0%bf%d0%b5%d1%81%d0%bd%d0%b8\/%d1%83%d1%87%d0%b0%d1%81%d1%82%d0%bd%d0%b8%d0%ba\/laulupeo-repertuaar\/%d1%81%d0%b8%d0%bc%d1%84%d0%be%d0%bd%d0%b8%d1%87%d0%b5%d1%81%d0%ba%d0%b8%d0%b9-%d0%be%d1%80%d0%ba%d0%b5%d1%81%d1%82%d1%80\/","name":"\u0421\u0438\u043c\u0444\u043e\u043d\u0438\u0447\u0435\u0441\u043a\u0438\u0439 \u043e\u0440\u043a\u0435\u0441\u0442\u0440 - Laulupidu 2019","isPartOf":{"@id":"https:\/\/2019.laulupidu.ee\/ru\/#website"},"datePublished":"2018-09-05T12:01:36+00:00","dateModified":"2019-05-28T08:06:00+00:00","breadcrumb":{"@id":"https:\/\/2019.laulupidu.ee\/ru\/%d0%bf%d1%80%d0%b0%d0%b7%d0%b4%d0%bd%d0%b8%d0%ba-%d0%bf%d0%b5%d1%81%d0%bd%d0%b8\/%d1%83%d1%87%d0%b0%d1%81%d1%82%d0%bd%d0%b8%d0%ba\/laulupeo-repertuaar\/%d1%81%d0%b8%d0%bc%d1%84%d0%be%d0%bd%d0%b8%d1%87%d0%b5%d1%81%d0%ba%d0%b8%d0%b9-%d0%be%d1%80%d0%ba%d0%b5%d1%81%d1%82%d1%80\/#breadcrumb"},"inLanguage":"ru-RU","potentialAction":[{"@type":"ReadAction","target":["https:\/\/2019.laulupidu.ee\/ru\/%d0%bf%d1%80%d0%b0%d0%b7%d0%b4%d0%bd%d0%b8%d0%ba-%d0%bf%d0%b5%d1%81%d0%bd%d0%b8\/%d1%83%d1%87%d0%b0%d1%81%d1%82%d0%bd%d0%b8%d0%ba\/laulupeo-repertuaar\/%d1%81%d0%b8%d0%bc%d1%84%d0%be%d0%bd%d0%b8%d1%87%d0%b5%d1%81%d0%ba%d0%b8%d0%b9-%d0%be%d1%80%d0%ba%d0%b5%d1%81%d1%82%d1%80\/"]}]},{"@type":"BreadcrumbList","@id":"https:\/\/2019.laulupidu.ee\/ru\/%d0%bf%d1%80%d0%b0%d0%b7%d0%b4%d0%bd%d0%b8%d0%ba-%d0%bf%d0%b5%d1%81%d0%bd%d0%b8\/%d1%83%d1%87%d0%b0%d1%81%d1%82%d0%bd%d0%b8%d0%ba\/laulupeo-repertuaar\/%d1%81%d0%b8%d0%bc%d1%84%d0%be%d0%bd%d0%b8%d1%87%d0%b5%d1%81%d0%ba%d0%b8%d0%b9-%d0%be%d1%80%d0%ba%d0%b5%d1%81%d1%82%d1%80\/#breadcrumb","itemListElement":[{"@type":"ListItem","position":1,"name":"Home","item":"https:\/\/2019.laulupidu.ee\/ru\/"},{"@type":"ListItem","position":2,"name":"\u041f\u0440\u0430\u0437\u0434\u043d\u0438\u043a \u043f\u0435\u0441\u043d\u0438","item":"https:\/\/2019.laulupidu.ee\/ru\/%d0%bf%d1%80%d0%b0%d0%b7%d0%b4%d0%bd%d0%b8%d0%ba-%d0%bf%d0%b5%d1%81%d0%bd%d0%b8\/"},{"@type":"ListItem","position":3,"name":"\u0423\u0447\u0430\u0441\u0442\u043d\u0438\u043a","item":"https:\/\/2019.laulupidu.ee\/ru\/%d0%bf%d1%80%d0%b0%d0%b7%d0%b4%d0%bd%d0%b8%d0%ba-%d0%bf%d0%b5%d1%81%d0%bd%d0%b8\/%d1%83%d1%87%d0%b0%d1%81%d1%82%d0%bd%d0%b8%d0%ba\/"},{"@type":"ListItem","position":4,"name":"\u0420\u0435\u043f\u0435\u0440\u0442\u0443\u0430\u0440","item":"https:\/\/2019.laulupidu.ee\/ru\/%d0%bf%d1%80%d0%b0%d0%b7%d0%b4%d0%bd%d0%b8%d0%ba-%d0%bf%d0%b5%d1%81%d0%bd%d0%b8\/%d1%83%d1%87%d0%b0%d1%81%d1%82%d0%bd%d0%b8%d0%ba\/laulupeo-repertuaar\/"},{"@type":"ListItem","position":5,"name":"\u0421\u0438\u043c\u0444\u043e\u043d\u0438\u0447\u0435\u0441\u043a\u0438\u0439 \u043e\u0440\u043a\u0435\u0441\u0442\u0440"}]},{"@type":"WebSite","@id":"https:\/\/2019.laulupidu.ee\/ru\/#website","url":"https:\/\/2019.laulupidu.ee\/ru\/","name":"Laulupidu 2019","description":"\u041c\u043e\u0451 \u043e\u0442\u0435\u0447\u0435\u0441\u0442\u0432\u043e \u2013 \u043c\u043e\u044f \u043b\u044e\u0431\u043e\u0432\u044c","potentialAction":[{"@type":"SearchAction","target":{"@type":"EntryPoint","urlTemplate":"https:\/\/2019.laulupidu.ee\/ru\/?s={search_term_string}"},"query-input":{"@type":"PropertyValueSpecification","valueRequired":true,"valueName":"search_term_string"}}],"inLanguage":"ru-RU"}]}},"_links":{"self":[{"href":"https:\/\/2019.laulupidu.ee\/ru\/wp-json\/wp\/v2\/pages\/36557","targetHints":{"allow":["GET"]}}],"collection":[{"href":"https:\/\/2019.laulupidu.ee\/ru\/wp-json\/wp\/v2\/pages"}],"about":[{"href":"https:\/\/2019.laulupidu.ee\/ru\/wp-json\/wp\/v2\/types\/page"}],"author":[{"embeddable":true,"href":"https:\/\/2019.laulupidu.ee\/ru\/wp-json\/wp\/v2\/users\/9"}],"replies":[{"embeddable":true,"href":"https:\/\/2019.laulupidu.ee\/ru\/wp-json\/wp\/v2\/comments?post=36557"}],"version-history":[{"count":1,"href":"https:\/\/2019.laulupidu.ee\/ru\/wp-json\/wp\/v2\/pages\/36557\/revisions"}],"predecessor-version":[{"id":36565,"href":"https:\/\/2019.laulupidu.ee\/ru\/wp-json\/wp\/v2\/pages\/36557\/revisions\/36565"}],"up":[{"embeddable":true,"href":"https:\/\/2019.laulupidu.ee\/ru\/wp-json\/wp\/v2\/pages\/30591"}],"wp:attachment":[{"href":"https:\/\/2019.laulupidu.ee\/ru\/wp-json\/wp\/v2\/media?parent=36557"}],"curies":[{"name":"wp","href":"https:\/\/api.w.org\/{rel}","templated":true}]}}